{"id":2149,"date":"2019-04-18T10:47:11","date_gmt":"2019-04-18T08:47:11","guid":{"rendered":"https:\/\/staging.savir-center.com\/?page_id=2149"},"modified":"2024-08-20T07:32:51","modified_gmt":"2024-08-20T05:32:51","slug":"age-related-macular-degeneration-amd","status":"publish","type":"page","link":"https:\/\/savir-center.com\/en\/age-related-macular-degeneration-amd\/","title":{"rendered":"Macular Degeneration AMD"},"content":{"rendered":"\n<div class=\"wp-block-cover is-light alignment-full\"><span aria-hidden=\"true\" class=\"wp-block-cover__background has-background-dim-0 has-background-dim\"><\/span><img decoding=\"async\" width=\"1920\" height=\"1157\" class=\"wp-block-cover__image-background wp-image-3898\" alt=\"\" src=\"https:\/\/savir-center.com\/wp-content\/uploads\/amd_check.webp\" data-object-fit=\"cover\" srcset=\"https:\/\/savir-center.com\/wp-content\/uploads\/amd_check.webp 1920w, https:\/\/savir-center.com\/wp-content\/uploads\/amd_check-300x181.webp 300w, https:\/\/savir-center.com\/wp-content\/uploads\/amd_check-1024x617.webp 1024w, https:\/\/savir-center.com\/wp-content\/uploads\/amd_check-768x463.webp 768w, https:\/\/savir-center.com\/wp-content\/uploads\/amd_check-1536x926.webp 1536w\" sizes=\"(max-width: 1920px) 100vw, 1920px\" \/><div class=\"wp-block-cover__inner-container is-layout-flow wp-block-cover-is-layout-flow\">\n<p class=\"has-text-align-center text-shadow-white has-x-large-font-size\" id=\"-macular-degeneration-\" style=\"line-height:1\"><strong>Macular Degeneration<\/strong><\/p>\n\n\n\n<p class=\"has-text-align-center text-shadow-white has-medium-font-size\" id=\"-all-info-about-macular-degeneration-amd-\" style=\"line-height:1\"><strong>All Info about macular degeneration (AMD)<\/strong><\/p>\n<\/div><\/div>\n\n\n\n<div class=\"gutentoc tocactive ullist\"><div class=\"gutentoc-toc-wrap\"><div class=\"gutentoc-toc-title-wrap\"><div class=\"gutentoc-toc-title\">Table of content<\/div><div id=\"open\" class=\"toggletwo\">show<\/div><\/div><div id=\"toclist\"><div class=\"gutentoc-toc__list-wrap\"><ul class=\"gutentoc-toc__list\"><li><a href=\"#understanding-macular-degeneration\">Understanding Macular Degeneration<\/a><\/li><ul class=\"gutentoc-toc__list\"><li><a href=\"#how-the-retina-translates-light-into-sight\">How the Retina Translates Light into Sight<\/a><\/li><li><a href=\"#the-macula-is-critical-for-central-vision\">The Macula is critical for Central Vision<\/a><\/li><li><a href=\"#types-of-macular-degeneration\">Types of Macular Degeneration<\/a><\/li><li><a href=\"#macular-degeneration-therapy-traditional-and-novel-approaches\">Macular Degeneration Therapy: Traditional and Novel Approaches<\/a><\/li><li><a href=\"#the-potential-of-savir-therapy\">The Potential of SAVIR Therapy<\/a><\/li><\/ul><\/ul><\/div><\/div><\/div><\/div><style> .gutentoc-toc-wrap ul li a, .gutentoc-toc-title-wrap .text_open{ color: #000}} <\/style>\n\n\n\n<div class=\"wp-block-group has-global-padding is-layout-constrained wp-block-group-is-layout-constrained\">\n<div style=\"height:30px\" aria-hidden=\"true\" class=\"wp-block-spacer\"><\/div>\n\n\n\n<h1 class=\"wp-block-heading has-text-align-center\" id=\"understanding-macular-degeneration\">Understanding Macular Degeneration<\/h1>\n\n\n\n<p id=\"macular-degeneration-also-known-as-amd-is-a-common-eye-disease-especially-among-seniors-that-can-partially-destroy-the-retina-it-is-important-that-it-is-detected-and-treated-early-otherwise-it-can-lead-to-vision-loss-and-even-partial-blindness--the-visual-damage-is-mainly-found-in-the-central-area-of-the-visual-field-so-that-there-are-problems-with-reading-and-face-recognition-if-both-eyes-are-affected-by-amd\">Macular degeneration, also known as AMD, is a common eye disease, especially among seniors, that can partially destroy the retina. It is important that it is detected and treated early, otherwise it can lead to vision loss and even partial blindness.&nbsp; The visual damage is mainly found in the central area of the visual field, so that there are problems with reading and face recognition, if both eyes are affected by AMD.<\/p>\n\n\n\n<p id=\"if-treated-early-the-progression-of-the-disease-can-be-delayed-with-medication-and-minor-surgery-but-once-vision-loss-occurs-it-is-considered-irreversible--however-with-the-new-savir-therapy-there-is-now-a-new-way-to-partially-recover-visual-function-despite-the-damage\">If treated early, the progression of the disease can be delayed with medication and minor surgery. But once vision loss occurs, it is considered irreversible.&nbsp; However, with the new SAVIR therapy there is now a new way to partially recover visual function despite the damage.<\/p>\n\n\n\n<div style=\"height:30px\" aria-hidden=\"true\" class=\"wp-block-spacer\"><\/div>\n\n\n\n<div class=\"wp-block-columns is-layout-flex wp-container-core-columns-is-layout-28f84493 wp-block-columns-is-layout-flex\">\n<div class=\"wp-block-column is-layout-flow wp-block-column-is-layout-flow\" style=\"flex-basis:25%\">\n<figure class=\"wp-block-image is-resized size-150x150\"><img decoding=\"async\" src=\"https:\/\/savir-center.com\/wp-content\/uploads\/elementor\/thumbs\/Prof-Bernhard-Sabel-pjygsv24v2wx7hiae5x3qplk2lv6urf4wz9gm53azg.webp\" alt=\"Prof. Bernhard Sabel\" style=\"object-fit:cover;width:150px;height:150px\" title=\"Prof-Bernhard-Sabel\"\/><\/figure>\n<\/div>\n\n\n\n<div class=\"wp-block-column is-layout-flow wp-block-column-is-layout-flow\" style=\"flex-basis:75%\">\n<p class=\"has-black-color has-text-color has-link-color wp-elements-b902cdd8920ad958d870f15a76355a7b\" id=\"-prof-dr-bernhard-sabel-\" style=\"font-size:28px\"><em><a href=\"https:\/\/en.wikipedia.org\/wiki\/Bernhard_Sabel\" target=\"_blank\" data-type=\"link\" data-id=\"https:\/\/en.wikipedia.org\/wiki\/Bernhard_Sabel\" rel=\"noreferrer noopener\">Prof. Dr. Bernhard Sabel<\/a><\/em><\/p>\n\n\n\n<p class=\"has-small-font-size\" id=\"-\u201cthe-optimization-of-residual-vision-is-a-holistic-complement-to-ophthalmological-care-such-as-eye-drops-or-surgeries-we-continue-where-ophthalmology-stops-we-combine-conventional-medical-science-with-new-findings-from-modern-brain-research-and-traditional-medicine-methods\u201d-\"><em>\u201cThe optimization of residual vision is a holistic complement to ophthalmological care such as eye drops or surgeries. We continue where ophthalmology stops. We combine conventional medical science with new findings from modern brain research and traditional medicine methods.\u201d<\/em><\/p>\n<\/div>\n<\/div>\n\n\n\n<div style=\"height:30px\" aria-hidden=\"true\" class=\"wp-block-spacer\"><\/div>\n<\/div>\n\n\n\n<div class=\"wp-block-columns is-layout-flex wp-container-core-columns-is-layout-14cf5ab5 wp-block-columns-is-layout-flex\">\n<div class=\"wp-block-column is-vertically-aligned-top is-layout-flow wp-block-column-is-layout-flow\" style=\"flex-basis:40%\">\n<h2 class=\"wp-block-heading has-text-align-right\" id=\"how-the-retina-translates-light-into-sight\">How the Retina Translates Light into Sight<\/h2>\n<\/div>\n\n\n\n<div class=\"wp-block-column is-layout-flow wp-block-column-is-layout-flow\" style=\"flex-basis:60%\">\n<p>The retina of the eye converts light stimuli into nerve impulses. As soon as light hits certain molecules in the photoreceptor cells of the retina, nerve impulses are generated and transmitted from the retina via the optic nerve to the brain. Here they are processed to ultimately enable conscious vision so that things like pictures, faces or letters are recognized.<\/p>\n<\/div>\n<\/div>\n\n\n\n<div style=\"height:30px\" aria-hidden=\"true\" class=\"wp-block-spacer\"><\/div>\n\n\n\n<div class=\"wp-block-columns is-layout-flex wp-container-core-columns-is-layout-14cf5ab5 wp-block-columns-is-layout-flex\">\n<div class=\"wp-block-column is-vertically-aligned-top is-layout-flow wp-block-column-is-layout-flow\" style=\"flex-basis:40%\">\n<h2 class=\"wp-block-heading has-text-align-right\" id=\"the-macula-is-critical-for-central-vision\">The Macula is critical for Central Vision<\/h2>\n<\/div>\n\n\n\n<div class=\"wp-block-column is-layout-flow wp-block-column-is-layout-flow\" style=\"flex-basis:60%\">\n<p>In macular degeneration, a specific area of the retina is damaged, the &#8220;yellow spot&#8221; (macula lutea, or &#8220;macula&#8221; for short). This is an area in the center of the retina that is particularly densely populated with light-sensing cells (so-called \u201cphoto-receptors\u201d). If this yellow spot is damaged or lost in both eyes, subjective vision is massively disturbed, because whenever you look at something or fixate it, you cannot see it, e.g. the letters when reading. However, because the retina around the macula is usually still intact, one does not go blind completely with this disease and things to the side are still visible.<\/p>\n<\/div>\n<\/div>\n\n\n\n<div style=\"height:30px\" aria-hidden=\"true\" class=\"wp-block-spacer\"><\/div>\n\n\n\n<div class=\"wp-block-columns is-layout-flex wp-container-core-columns-is-layout-14cf5ab5 wp-block-columns-is-layout-flex\">\n<div class=\"wp-block-column is-vertically-aligned-top is-layout-flow wp-block-column-is-layout-flow\" style=\"flex-basis:40%\">\n<h2 class=\"wp-block-heading has-text-align-right\" id=\"types-of-macular-degeneration\">Types of Macular Degeneration<\/h2>\n<\/div>\n\n\n\n<div class=\"wp-block-column is-layout-flow wp-block-column-is-layout-flow\" style=\"flex-basis:60%\">\n<p>There are different forms of macular degeneration, of which age-related macular degeneration (AMD) is considered the most common form especially during the aging processes.<\/p>\n<\/div>\n<\/div>\n\n\n\n<div style=\"height:30px\" aria-hidden=\"true\" class=\"wp-block-spacer\"><\/div>\n\n\n\n<div class=\"wp-block-columns is-layout-flex wp-container-core-columns-is-layout-14cf5ab5 wp-block-columns-is-layout-flex\">\n<div class=\"wp-block-column is-vertically-aligned-top is-layout-flow wp-block-column-is-layout-flow\" style=\"flex-basis:40%\">\n<h2 class=\"wp-block-heading has-text-align-right\" id=\"macular-degeneration-therapy-traditional-and-novel-approaches\">Macular Degeneration Therapy: Traditional and Novel Approaches<\/h2>\n<\/div>\n\n\n\n<div class=\"wp-block-column is-layout-flow wp-block-column-is-layout-flow\" style=\"flex-basis:60%\">\n<p>Macular degeneration is a chronically progressive disease that cannot be cured by conventional medicine so far. Drugs can be used to slow down the progression of the disease at most.&nbsp;<\/p>\n\n\n\n<p>But now the newly developed SAVIR therapy opens up new perspectives for the treatment of macular degeneration. Its effectiveness is based on the observation that microcurrent treatment can be used to strengthen blood flow and thus the function of the still-surviving but inactive, \u201csilent\u201d nerve cells located within or at the edge of the damaged area.&nbsp;<\/p>\n\n\n\n<p>The focus lies on how the retina and the brain can then help the eye. This is where the neuroplasticity of the neural tissue in the retina and brain networks helps.&nbsp; By re-activating &#8220;dormant&#8221; nerve cells, the loss of vision can be partially restored to improve visual functions.<\/p>\n<\/div>\n<\/div>\n\n\n\n<div style=\"height:30px\" aria-hidden=\"true\" class=\"wp-block-spacer\"><\/div>\n\n\n\n<div class=\"wp-block-columns is-layout-flex wp-container-core-columns-is-layout-14cf5ab5 wp-block-columns-is-layout-flex\">\n<div class=\"wp-block-column is-vertically-aligned-top is-layout-flow wp-block-column-is-layout-flow\" style=\"flex-basis:40%\">\n<h2 class=\"wp-block-heading has-text-align-right\" id=\"the-potential-of-savir-therapy\">The Potential of SAVIR Therapy<\/h2>\n<\/div>\n\n\n\n<div class=\"wp-block-column is-layout-flow wp-block-column-is-layout-flow\" style=\"flex-basis:60%\">\n<p>With the brains ability to adapt to changes, called \u201cneuroplasticity\u201d, and the normalization of a healthy blood circulation, visual signals are processed better again. In this way even people with macular degeneration have a chance to increase their vision through SAVIR therapy.<\/p>\n<\/div>\n<\/div>\n\n\n\n<div style=\"height:30px\" aria-hidden=\"true\" class=\"wp-block-spacer\"><\/div>\n\n\n\n<div class=\"wp-block-group alignment-full has-global-padding is-layout-constrained wp-block-group-is-layout-constrained\">\n<p class=\"has-text-align-center block-patients-say wp-embed-aspect-16-9 wp-has-aspect-ratio has-link-color wp-elements-8852a0844d7d5c88283097c4e6de6374\" id=\"-was-patienten-sagen-\" style=\"margin-top:var(--wp--preset--spacing--60);margin-right:var(--wp--preset--spacing--40);margin-bottom:var(--wp--preset--spacing--60);margin-left:var(--wp--preset--spacing--40);font-size:45px\"><a href=\"https:\/\/savir-center.com\/testimonials\/\" target=\"_blank\" rel=\"noopener\"><\/a><a href=\"https:\/\/savir-center.com\/testimonials\/\" target=\"_blank\" rel=\"noreferrer noopener\">What our patients say<\/a><\/p>\n\n\n\n<div class=\"wp-block-columns block-patients-say wp-embed-aspect-16-9 wp-has-aspect-ratio is-layout-flex wp-container-core-columns-is-layout-28f84493 wp-block-columns-is-layout-flex\">\n<div class=\"wp-block-column is-layout-flow wp-block-column-is-layout-flow\" style=\"flex-basis:33.33%\">\n<figure class=\"wp-block-embed is-type-video is-provider-youtube wp-block-embed-youtube wp-embed-aspect-16-9 wp-has-aspect-ratio\"><div class=\"wp-block-embed__wrapper\">\n <div class=\"brlbs-cmpnt-container brlbs-cmpnt-content-blocker brlbs-cmpnt-with-individual-styles\" data-borlabs-cookie-content-blocker-id=\"youtube-content-blocker\" data-borlabs-cookie-content=\"PGlmcmFtZSB0aXRsZT0iQmVoYW5kbHVuZyBTZWhuZXJ2c2Now6RkaWd1bmc6IFNlaG5lcnYgd2llZGVyaGVyc3RlbGxlbiAoRnJhdSBCLikiIHdpZHRoPSI1MDAiIGhlaWdodD0iMjgxIiBzcmM9Imh0dHBzOi8vd3d3LnlvdXR1YmUtbm9jb29raWUuY29tL2VtYmVkL3pINWRIY0tOUEgwP2ZlYXR1cmU9b2VtYmVkIiBmcmFtZWJvcmRlcj0iMCIgYWxsb3c9ImFjY2VsZXJvbWV0ZXI7IGF1dG9wbGF5OyBjbGlwYm9hcmQtd3JpdGU7IGVuY3J5cHRlZC1tZWRpYTsgZ3lyb3Njb3BlOyBwaWN0dXJlLWluLXBpY3R1cmU7IHdlYi1zaGFyZSIgcmVmZXJyZXJwb2xpY3k9InN0cmljdC1vcmlnaW4td2hlbi1jcm9zcy1vcmlnaW4iIGFsbG93ZnVsbHNjcmVlbj48L2lmcmFtZT4=\"><div class=\"brlbs-cmpnt-cb-preset-c brlbs-cmpnt-cb-youtube\"> <div class=\"brlbs-cmpnt-cb-thumbnail\" style=\"background-image: url('https:\/\/savir-center.com\/wp-content\/uploads\/borlabs-cookie\/1\/yt_zH5dHcKNPH0_hqdefault.jpg')\"><\/div> <div class=\"brlbs-cmpnt-cb-main\"> <div class=\"brlbs-cmpnt-cb-play-button\"><\/div> <div class=\"brlbs-cmpnt-cb-content\"> <p class=\"brlbs-cmpnt-cb-description\">You are currently viewing a placeholder content from <strong>YouTube<\/strong>. To access the actual content, click the button below. Please note that doing so will share data with third-party providers.<\/p> <a class=\"brlbs-cmpnt-cb-provider-toggle\" href=\"#\" data-borlabs-cookie-show-provider-information role=\"button\">More Information<\/a> <\/div> <div class=\"brlbs-cmpnt-cb-buttons\"> <a class=\"brlbs-cmpnt-cb-btn\" href=\"#\" data-borlabs-cookie-unblock role=\"button\">Unblock content<\/a> <a class=\"brlbs-cmpnt-cb-btn\" href=\"#\" data-borlabs-cookie-accept-service role=\"button\" style=\"display: inherit\">Accept required service and unblock content<\/a> <\/div> <\/div> <\/div><\/div>\n<\/div><\/figure>\n<\/div>\n\n\n\n<div class=\"wp-block-column is-vertically-aligned-top is-layout-flow wp-block-column-is-layout-flow\" style=\"flex-basis:66.66%\">\n<p id=\"unsere-patienten-kommen-aus-ganz-deutschland-und-vielen-l\u00e4ndern-weltweit-zu-uns-nach-magdeburg--z-b-aus-\u00f6sterreich-italien-frankreich-polen-schweiz-malta-t\u00fcrkei-usa-kanada-dubaivereinigte-arabische-emirate-russland-ukraine-vietnam-china-neuseeland-australien\" style=\"margin-top:var(--wp--preset--spacing--30);margin-right:var(--wp--preset--spacing--30);margin-bottom:var(--wp--preset--spacing--30);margin-left:var(--wp--preset--spacing--30)\">Our patients come to us in Magdeburg from all over Germany and many countries worldwide: e.g. from Austria, Italy, France, Poland, Switzerland Malta, Turkey, USA, Canada, Dubai\/United Arab Emirates, Russia, Ukraine, Vietnam, China, New Zealand, Australia.<\/p>\n<\/div>\n<\/div>\n\n\n\n<div class=\"wp-block-columns is-layout-flex wp-container-core-columns-is-layout-28f84493 wp-block-columns-is-layout-flex\">\n<div class=\"wp-block-column is-layout-flow wp-block-column-is-layout-flow\" style=\"flex-basis:25%\"><\/div>\n\n\n\n<div class=\"wp-block-column is-layout-flow wp-block-column-is-layout-flow\" style=\"flex-basis:50%\">\n<div class=\"wp-block-group is-vertical is-content-justification-center is-layout-flex wp-container-core-group-is-layout-2f773bf9 wp-block-group-is-layout-flex\" style=\"padding-top:var(--wp--preset--spacing--20);padding-right:var(--wp--preset--spacing--20);padding-bottom:var(--wp--preset--spacing--20);padding-left:var(--wp--preset--spacing--20)\">\n<figure class=\"wp-block-image size-full\"><img decoding=\"async\" src=\"https:\/\/savir-center.com\/wp-content\/uploads\/savir_unterzeile_positiv-0-130-145-1.svg\" alt=\"Logo Sabel Vision Restauration Center\" class=\"wp-image-1296\"\/><\/figure>\n\n\n\n<div class=\"wp-block-buttons is-content-justification-center is-layout-flex wp-container-core-buttons-is-layout-a89b3969 wp-block-buttons-is-layout-flex\">\n<div class=\"wp-block-button btn-scale\"><a class=\"wp-block-button__link has-white-color has-text-color has-background wp-element-button\" href=\"https:\/\/savir-center.com\/en\/contact\/\" style=\"border-radius:5px;background-color:#dc5049\">Free Consultation<\/a><\/div>\n<\/div>\n<\/div>\n<\/div>\n\n\n\n<div class=\"wp-block-column is-layout-flow wp-block-column-is-layout-flow\" style=\"flex-basis:25%\"><\/div>\n<\/div>\n\n\n\n<div style=\"height:10px\" aria-hidden=\"true\" class=\"wp-block-spacer wp-embed-aspect-16-9 wp-has-aspect-ratio\"><\/div>\n\n\n\n<div class=\"wp-block-group alignment-full has-white-color has-text-color has-background has-global-padding is-content-justification-center is-layout-constrained wp-container-core-group-is-layout-ddcf2457 wp-block-group-is-layout-constrained\" style=\"background-color:#008291;padding-top:0;padding-right:0;padding-bottom:0;padding-left:0\">\n<div class=\"wp-block-columns alignment-full-font is-layout-flex wp-container-core-columns-is-layout-d7d455e7 wp-block-columns-is-layout-flex\" style=\"padding-top:0;padding-right:0;padding-bottom:0;padding-left:0\">\n<div class=\"wp-block-column is-layout-flow wp-block-column-is-layout-flow\">\n<p class=\"has-text-align-center has-medium-font-size\">Worldwide Unique, Holistic Therapy for Optic Nerve Damage<\/p>\n<\/div>\n\n\n\n<div class=\"wp-block-column is-layout-flow wp-block-column-is-layout-flow\">\n<div class=\"wp-block-group is-vertical is-content-justification-center is-nowrap is-layout-flex wp-container-core-group-is-layout-d7b04dc7 wp-block-group-is-layout-flex\">\n<p class=\"has-text-align-center count-30 has-text-color\" style=\"color:#db4139;font-size:69px\">0<\/p>\n\n\n\n<p class=\"has-text-align-center has-medium-font-size\">Years of Research Leadership<\/p>\n<\/div>\n<\/div>\n\n\n\n<div class=\"wp-block-column is-layout-flow wp-block-column-is-layout-flow\">\n<p class=\"has-text-align-center has-medium-font-size\">Years of Experience and Success in Treating Patients<\/p>\n<\/div>\n<\/div>\n<\/div>\n\n\n\n<div style=\"height:30px\" aria-hidden=\"true\" class=\"wp-block-spacer wp-embed-aspect-16-9 wp-has-aspect-ratio\"><\/div>\n\n\n\n<div class=\"wp-block-group has-global-padding is-layout-constrained wp-block-group-is-layout-constrained\">\n<h2 class=\"wp-block-heading has-text-align-center\" id=\"ist-die-savir-therapie-f\u00fcr-mich-geeignet\" style=\"margin-top:var(--wp--preset--spacing--50);margin-right:var(--wp--preset--spacing--50);margin-bottom:var(--wp--preset--spacing--50);margin-left:var(--wp--preset--spacing--50);font-size:32px;font-style:normal;font-weight:500\">Am I a Candidate?<\/h2>\n\n\n\n<div class=\"wp-block-columns is-layout-flex wp-container-core-columns-is-layout-28f84493 wp-block-columns-is-layout-flex\">\n<div class=\"wp-block-column is-layout-flow wp-block-column-is-layout-flow\" style=\"flex-basis:20%\"><\/div>\n\n\n\n<div class=\"wp-block-column is-layout-flow wp-block-column-is-layout-flow\" style=\"flex-basis:60%\">\n<div class=\"wp-block-buttons has-custom-font-size btn-read-more invert has-medium-font-size is-content-justification-center is-nowrap is-layout-flex wp-container-core-buttons-is-layout-f28c712a wp-block-buttons-is-layout-flex\">\n<div class=\"wp-block-button has-custom-width wp-block-button__width-100 has-custom-font-size is-style-fill\" style=\"font-size:24px\"><a class=\"wp-block-button__link has-white-color has-text-color has-background has-text-align-center wp-element-button\" href=\"https:\/\/savir-center.com\/en\/test-is-the-treatment-suitable-for-me\/\" style=\"border-radius:15px;background-color:#008291;padding-top:var(--wp--preset--spacing--50);padding-right:var(--wp--preset--spacing--50);padding-bottom:var(--wp--preset--spacing--50);padding-left:var(--wp--preset--spacing--50)\">Perform the test now<\/a><\/div>\n<\/div>\n<\/div>\n\n\n\n<div class=\"wp-block-column is-layout-flow wp-block-column-is-layout-flow\" style=\"flex-basis:20%\"><\/div>\n<\/div>\n<\/div>\n\n\n\n<div style=\"height:50px\" aria-hidden=\"true\" class=\"wp-block-spacer wp-embed-aspect-16-9 wp-has-aspect-ratio\"><\/div>\n<\/div>\n","protected":false},"excerpt":{"rendered":"<p>Table of content show Understanding Macular Degeneration How the Retina Translates Light into Sight The Macula is critical for Central Vision Types of Macular Degeneration Macular Degeneration Therapy: Traditional and Novel Approaches The Potential of SAVIR Therapy Understanding Macular Degeneration Macular degeneration, also known as AMD, is a common eye disease, especially among seniors, that [&hellip;]<\/p>\n","protected":false},"author":6,"featured_media":0,"parent":0,"menu_order":0,"comment_status":"closed","ping_status":"closed","template":"","meta":{"_acf_changed":false,"inline_featured_image":false,"footnotes":""},"class_list":["post-2149","page","type-page","status-publish","hentry"],"acf":[],"_links":{"self":[{"href":"https:\/\/savir-center.com\/en\/wp-json\/wp\/v2\/pages\/2149","targetHints":{"allow":["GET"]}}],"collection":[{"href":"https:\/\/savir-center.com\/en\/wp-json\/wp\/v2\/pages"}],"about":[{"href":"https:\/\/savir-center.com\/en\/wp-json\/wp\/v2\/types\/page"}],"author":[{"embeddable":true,"href":"https:\/\/savir-center.com\/en\/wp-json\/wp\/v2\/users\/6"}],"replies":[{"embeddable":true,"href":"https:\/\/savir-center.com\/en\/wp-json\/wp\/v2\/comments?post=2149"}],"version-history":[{"count":0,"href":"https:\/\/savir-center.com\/en\/wp-json\/wp\/v2\/pages\/2149\/revisions"}],"wp:attachment":[{"href":"https:\/\/savir-center.com\/en\/wp-json\/wp\/v2\/media?parent=2149"}],"curies":[{"name":"wp","href":"https:\/\/api.w.org\/{rel}","templated":true}]}}