{"id":4574,"date":"2021-03-16T10:45:09","date_gmt":"2021-03-16T09:45:09","guid":{"rendered":"https:\/\/staging.savir-center.com\/?page_id=4574"},"modified":"2024-03-06T09:36:11","modified_gmt":"2024-03-06T08:36:11","slug":"visual-field-loss","status":"publish","type":"page","link":"https:\/\/savir-center.com\/en\/visual-field-loss\/","title":{"rendered":"Visual Field loss"},"content":{"rendered":"\n<div class=\"wp-block-cover is-light alignment-full\"><span aria-hidden=\"true\" class=\"wp-block-cover__background has-white-background-color has-background-dim-30 has-background-dim\"><\/span><img decoding=\"async\" width=\"1500\" height=\"944\" class=\"wp-block-cover__image-background wp-image-4381\" alt=\"\" src=\"https:\/\/savir-center.com\/wp-content\/uploads\/gesichtsfeldeinschraenkung.webp\" style=\"object-position:65% 50%\" data-object-fit=\"cover\" data-object-position=\"65% 50%\" srcset=\"https:\/\/savir-center.com\/wp-content\/uploads\/gesichtsfeldeinschraenkung.webp 1500w, https:\/\/savir-center.com\/wp-content\/uploads\/gesichtsfeldeinschraenkung-300x189.webp 300w, https:\/\/savir-center.com\/wp-content\/uploads\/gesichtsfeldeinschraenkung-1024x644.webp 1024w, https:\/\/savir-center.com\/wp-content\/uploads\/gesichtsfeldeinschraenkung-768x483.webp 768w\" sizes=\"(max-width: 1500px) 100vw, 1500px\" \/><div class=\"wp-block-cover__inner-container is-layout-flow wp-block-cover-is-layout-flow\">\n<p class=\"has-text-align-center text-shadow-white has-x-large-font-size\" id=\"--visual-field-loss--\" style=\"line-height:1\"><strong><strong>Visual field loss<\/strong><\/strong><\/p>\n\n\n\n<p class=\"has-text-align-center text-shadow-white has-medium-font-size\" id=\"--all-info-abour-visual-field-loss--\" style=\"line-height:1\"><strong><strong>All info abour visual field loss<\/strong><\/strong><\/p>\n<\/div><\/div>\n\n\n\n<div class=\"gutentoc tocactive ullist\"><div class=\"gutentoc-toc-wrap\"><div class=\"gutentoc-toc-title-wrap\"><div class=\"gutentoc-toc-title\">Table of Content<\/div><div id=\"open\" class=\"toggletwo\">show<\/div><\/div><div id=\"toclist\"><div class=\"gutentoc-toc__list-wrap\"><ul class=\"gutentoc-toc__list\"><li><a href=\"#what-is-visual-field-loss\">What is visual field loss?<\/a><\/li><ul class=\"gutentoc-toc__list\"><li><a href=\"#what-does-a-healthy-visual-field-look-like\">What does a healthy visual field look like?<\/a><\/li><li><a href=\"#how-does-visual-field-loss-show-itself\">How does visual field loss show itself?<\/a><\/li><li><a href=\"#how-is-visual-field-loss-diagnosed\">How is visual field loss diagnosed?<\/a><\/li><li><a href=\"#what-is-the-cause-of-visual-field-loss\">What is the cause of visual field loss?<\/a><\/li><li><a href=\"#how-is-visual-field-loss-treated\">How is visual field loss treated?<\/a><\/li><li><a href=\"#how-can-the-savir-therapy-help-with-visual-field-loss\">How can the SAVIR-therapy help with visual field loss?<\/a><\/li><\/ul><\/ul><\/div><\/div><\/div><\/div><style> .gutentoc-toc-wrap ul li a, .gutentoc-toc-title-wrap .text_open{ color: #000}} <\/style>\n\n\n\n<div class=\"wp-block-group has-global-padding is-layout-constrained wp-block-group-is-layout-constrained\">\n<div style=\"height:30px\" aria-hidden=\"true\" class=\"wp-block-spacer\"><\/div>\n\n\n\n<h1 class=\"wp-block-heading has-text-align-center\" id=\"what-is-visual-field-loss\">What is visual field loss?<\/h1>\n\n\n\n<p id=\"\u201cvisual-field-loss\u201d-describes-a-reduced-visual-field-where-the-180-degree-angle-is-reduced-and-patients-suffer-from-impaired-special-vision-visual-field-loss-can-occur-on-one-or-both-eyes-depending-on-the-condition-visual-field-defects-on-both-eyes-are-predominantly-asymmetrical-when-the-brain-is-damaged-though-they-are-usually-symmetrical\">\u201cVisual field loss\u201d describes a reduced visual field, where the 180-degree angle is reduced, and patients suffer from impaired special vision. Visual field loss can occur on one or both eyes, depending on the condition. Visual field defects on both eyes are predominantly asymmetrical, when the brain is damaged though, they are usually symmetrical.<\/p>\n\n\n\n<p id=\"in-this-case-patients-partially-or-completely-loose-half-of-their-visual-field-hemianopsia-scotomas-on-the-other-hand-are-small-blind-spots-that-can-be-round-or-oval-they-primarily-occur-following-smaller-lesions-of-the-visual-pathway-or-the-cortex-sometimes-even-in-the-area-of-highest-acuity-central-scotoma\">In this case patients partially or completely loose half of their visual field (hemianopsia). Scotomas on the other hand are small blind spots, that can be round or oval. They primarily occur following smaller lesions of the visual pathway or the cortex, sometimes even in the area of highest acuity (central scotoma).<\/p>\n\n\n\n<p id=\"in-most-patients-with-visual-field-loss-who-are-declared-blind-following-visual-field-tests-there-are-still-areas-of-resiual-vision-these-areas-are-only-partially-damaged-for-these-areas-the-chance-for-recovery-is-especially-high\">In most patients with visual field loss who are declared blind, following visual field tests, there are still areas of resiual vision. These areas are only partially damaged. For these areas the chance for recovery is especially high.<\/p>\n\n\n\n<div style=\"height:30px\" aria-hidden=\"true\" class=\"wp-block-spacer\"><\/div>\n\n\n\n<div class=\"wp-block-columns is-layout-flex wp-container-core-columns-is-layout-28f84493 wp-block-columns-is-layout-flex\">\n<div class=\"wp-block-column is-layout-flow wp-block-column-is-layout-flow\" style=\"flex-basis:25%\">\n<figure class=\"wp-block-image is-resized size-150x150\"><img decoding=\"async\" src=\"https:\/\/savir-center.com\/wp-content\/uploads\/elementor\/thumbs\/Prof-Bernhard-Sabel-pjygsv24v2wx7hiae5x3qplk2lv6urf4wz9gm53azg.webp\" alt=\"Prof. Bernhard Sabel\" style=\"object-fit:cover;width:150px;height:150px\" title=\"Prof-Bernhard-Sabel\"\/><\/figure>\n<\/div>\n\n\n\n<div class=\"wp-block-column is-layout-flow wp-block-column-is-layout-flow\" style=\"flex-basis:75%\">\n<p class=\"has-black-color has-text-color has-link-color wp-elements-b902cdd8920ad958d870f15a76355a7b\" id=\"-prof-dr-bernhard-sabel-\" style=\"font-size:28px\"><em><a href=\"https:\/\/en.wikipedia.org\/wiki\/Bernhard_Sabel\" target=\"_blank\" data-type=\"link\" data-id=\"https:\/\/en.wikipedia.org\/wiki\/Bernhard_Sabel\" rel=\"noreferrer noopener\">Prof. Dr. Bernhard Sabel<\/a><\/em><\/p>\n\n\n\n<p class=\"has-small-font-size\" id=\"-\u201cthe-optimization-of-residual-vision-is-a-holistic-complement-to-ophthalmological-care-such-as-eye-drops-or-surgeries-we-continue-where-ophthalmology-stops-we-combine-conventional-medical-science-with-new-findings-from-modern-brain-research-and-traditional-medicine-methods\u201d-\"><em>\u201cThe optimization of residual vision is a holistic complement to ophthalmological care such as eye drops or surgeries. We continue where ophthalmology stops. We combine conventional medical science with new findings from modern brain research and traditional medicine methods.\u201d<\/em><\/p>\n<\/div>\n<\/div>\n\n\n\n<div style=\"height:30px\" aria-hidden=\"true\" class=\"wp-block-spacer\"><\/div>\n<\/div>\n\n\n\n<div class=\"wp-block-columns is-layout-flex wp-container-core-columns-is-layout-14cf5ab5 wp-block-columns-is-layout-flex\">\n<div class=\"wp-block-column is-vertically-aligned-top is-layout-flow wp-block-column-is-layout-flow\" style=\"flex-basis:40%\">\n<h2 class=\"wp-block-heading has-text-align-right\" id=\"what-does-a-healthy-visual-field-look-like\">What does a healthy visual field look like?<\/h2>\n<\/div>\n\n\n\n<div class=\"wp-block-column is-layout-flow wp-block-column-is-layout-flow\" style=\"flex-basis:60%\">\n<p>The visual field is the area of vision to the top, the bottom, to the right and to the left you see while focusing on one fixed point with your eyes. It forms a big circle and spans over about 180 degrees (90 degrees in each direction). In this area we are able to see with both eyes without having to move them.<\/p>\n\n\n\n<p>Normally our acuity is highest in the central region, while we can merely see blurred contours in the periphery, whereas movement is especially well detected there.<\/p>\n<\/div>\n<\/div>\n\n\n\n<div style=\"height:30px\" aria-hidden=\"true\" class=\"wp-block-spacer\"><\/div>\n\n\n\n<div class=\"wp-block-columns is-layout-flex wp-container-core-columns-is-layout-14cf5ab5 wp-block-columns-is-layout-flex\">\n<div class=\"wp-block-column is-vertically-aligned-top is-layout-flow wp-block-column-is-layout-flow\" style=\"flex-basis:40%\">\n<h2 class=\"wp-block-heading has-text-align-right\" id=\"how-does-visual-field-loss-show-itself\">How does visual field loss show itself?<\/h2>\n<\/div>\n\n\n\n<div class=\"wp-block-column is-layout-flow wp-block-column-is-layout-flow\" style=\"flex-basis:60%\">\n<p>Often visual field loss is noticed when patients bump into obstacles, stumble more often or even fall. They regularly report that something suddenly appeared out of nowhere. When reading, patients with visual field loss have trouble staying in the correct line or identifying letters on the edges of the page, which leads to problems when changing from one line to the next.<\/p>\n\n\n\n<p>Patients with severe visual field loss can hardly walk in a straight line. When the defect reaches a certain size in both eyes, driving is not possible anymore.<\/p>\n<\/div>\n<\/div>\n\n\n\n<div style=\"height:30px\" aria-hidden=\"true\" class=\"wp-block-spacer\"><\/div>\n\n\n\n<div class=\"wp-block-columns is-layout-flex wp-container-core-columns-is-layout-14cf5ab5 wp-block-columns-is-layout-flex\">\n<div class=\"wp-block-column is-vertically-aligned-top is-layout-flow wp-block-column-is-layout-flow\" style=\"flex-basis:40%\">\n<h2 class=\"wp-block-heading has-text-align-right\" id=\"how-is-visual-field-loss-diagnosed\">How is visual field loss diagnosed?<\/h2>\n<\/div>\n\n\n\n<div class=\"wp-block-column is-layout-flow wp-block-column-is-layout-flow\" style=\"flex-basis:60%\">\n<p>The visual field can be measured with a so-called perimetry, which is done at the ophthalmologist. There is kinetic and static perimetry. In kinetic perimetry visual stimuli are moved from the seeable into a non-seeable area. The stimuli vary in size and brightness.&nbsp;In the static perimetry the visual stimuli start very dim and brighten up, until patients can see them.<\/p>\n\n\n\n<p>Sometimes the so-called finger-perimetry is used. Here the patient fixates on the doctor\u2019s face, while the doctor moves his fingers in and out of the patient\u2019s visual field from different directions. With particularly severe visual field loss the patient is unable to see how many fingers the doctor holding up.<\/p>\n<\/div>\n<\/div>\n\n\n\n<div style=\"height:30px\" aria-hidden=\"true\" class=\"wp-block-spacer\"><\/div>\n\n\n\n<div class=\"wp-block-columns is-layout-flex wp-container-core-columns-is-layout-14cf5ab5 wp-block-columns-is-layout-flex\">\n<div class=\"wp-block-column is-vertically-aligned-top is-layout-flow wp-block-column-is-layout-flow\" style=\"flex-basis:40%\">\n<h2 class=\"wp-block-heading has-text-align-right\" id=\"what-is-the-cause-of-visual-field-loss\">What is the cause of visual field loss?<\/h2>\n<\/div>\n\n\n\n<div class=\"wp-block-column is-layout-flow wp-block-column-is-layout-flow\" style=\"flex-basis:60%\">\n<p>There are multiple causes for visual field loss. First, there are eye diseases such as retinal detachment, glaucoma or conditions regarding the optic nerve.<\/p>\n\n\n\n<p>Vascular disorders, diabetic retinopathy, brain tumors and migraines can lead to visual field loss as well. It can also be a symptom of brain lesions or a stroke. In that case, the eyes are unharmed because the root cause of the visual field loss lies in the brain.<\/p>\n\n\n\n<p>Vision loss in one eye can already appear in early childhood. With the condition called amblyopia the brain focuses its whole attention on the better eye and neglects the other one.<\/p>\n<\/div>\n<\/div>\n\n\n\n<div style=\"height:30px\" aria-hidden=\"true\" class=\"wp-block-spacer\"><\/div>\n\n\n\n<div class=\"wp-block-columns is-layout-flex wp-container-core-columns-is-layout-14cf5ab5 wp-block-columns-is-layout-flex\">\n<div class=\"wp-block-column is-vertically-aligned-top is-layout-flow wp-block-column-is-layout-flow\" style=\"flex-basis:40%\">\n<h2 class=\"wp-block-heading has-text-align-right\" id=\"how-is-visual-field-loss-treated\">How is visual field loss treated?<\/h2>\n<\/div>\n\n\n\n<div class=\"wp-block-column is-layout-flow wp-block-column-is-layout-flow\" style=\"flex-basis:60%\">\n<p>When the cause is known, a variety of measures can be taken. With conditions of the optic nerve and the retina, the objective of the therapy is to halt the progression of vision loss. Depending on the condition, drugs (e.g. eye drops) or surgery can be indicated.<\/p>\n\n\n\n<p>To prevent blindness, the underlying disease needs to be treated as early as possible. But no conventional medical procedure has the aim of improving vision (excluding conditions in the frontal part of the eye i.e. the cornea or the lens e.g. with cataract)<\/p>\n<\/div>\n<\/div>\n\n\n\n<div style=\"height:30px\" aria-hidden=\"true\" class=\"wp-block-spacer\"><\/div>\n\n\n\n<div class=\"wp-block-columns is-layout-flex wp-container-core-columns-is-layout-14cf5ab5 wp-block-columns-is-layout-flex\">\n<div class=\"wp-block-column is-vertically-aligned-top is-layout-flow wp-block-column-is-layout-flow\" style=\"flex-basis:40%\">\n<h2 class=\"wp-block-heading has-text-align-right\" id=\"how-can-the-savir-therapy-help-with-visual-field-loss\">How can the SAVIR-therapy help with visual field loss?<\/h2>\n<\/div>\n\n\n\n<div class=\"wp-block-column is-layout-flow wp-block-column-is-layout-flow\" style=\"flex-basis:60%\">\n<p>The SAVIR-therapy is suited for patients who suffer from conditions of the retina, the optic nerve or the brain. SAVIR utilizes the therapeutic effect of micro current, which improves blood flow to the retina and at the same time stimulates brain plasticity by reorganizing highly complex neural networks.<\/p>\n\n\n\n<p>Because of that the SAVIR-therapy can help with eye conditions with visual field loss as well as with injuries of brain connectivity without direct impairment of the eyes.<\/p>\n\n\n\n<p>In contrast to conventional medicine, SAVIR doesn\u2019t follow the mantra of \u201cblind means blind\u201d but strengthens residual visual potential and can subsequently improve vision substantially. For example, blurry vision can be reduced, acuity can be improved and the visual field can grow in size, which, in turn, improves subjective abilities in activities of daily life. SAVIR continues, where conventional ophthalmology ends.<\/p>\n<\/div>\n<\/div>\n\n\n\n<div style=\"height:30px\" aria-hidden=\"true\" class=\"wp-block-spacer\"><\/div>\n\n\n\n<div class=\"wp-block-group alignment-full has-global-padding is-layout-constrained wp-block-group-is-layout-constrained\">\n<p class=\"has-text-align-center block-patients-say wp-embed-aspect-16-9 wp-has-aspect-ratio has-link-color wp-elements-8852a0844d7d5c88283097c4e6de6374\" id=\"-was-patienten-sagen-\" style=\"margin-top:var(--wp--preset--spacing--60);margin-right:var(--wp--preset--spacing--40);margin-bottom:var(--wp--preset--spacing--60);margin-left:var(--wp--preset--spacing--40);font-size:45px\"><a href=\"https:\/\/savir-center.com\/testimonials\/\" target=\"_blank\" rel=\"noopener\"><\/a><a href=\"https:\/\/savir-center.com\/testimonials\/\" target=\"_blank\" rel=\"noreferrer noopener\">What our patients say<\/a><\/p>\n\n\n\n<div class=\"wp-block-columns block-patients-say wp-embed-aspect-16-9 wp-has-aspect-ratio is-layout-flex wp-container-core-columns-is-layout-28f84493 wp-block-columns-is-layout-flex\">\n<div class=\"wp-block-column is-layout-flow wp-block-column-is-layout-flow\" style=\"flex-basis:33.33%\">\n<figure class=\"wp-block-embed is-type-video is-provider-youtube wp-block-embed-youtube wp-embed-aspect-16-9 wp-has-aspect-ratio\"><div class=\"wp-block-embed__wrapper\">\n <div class=\"brlbs-cmpnt-container brlbs-cmpnt-content-blocker brlbs-cmpnt-with-individual-styles\" data-borlabs-cookie-content-blocker-id=\"youtube-content-blocker\" data-borlabs-cookie-content=\"PGlmcmFtZSB0aXRsZT0iQmVoYW5kbHVuZyBTZWhuZXJ2c2Now6RkaWd1bmc6IFNlaG5lcnYgd2llZGVyaGVyc3RlbGxlbiAoRnJhdSBCLikiIHdpZHRoPSI1MDAiIGhlaWdodD0iMjgxIiBzcmM9Imh0dHBzOi8vd3d3LnlvdXR1YmUtbm9jb29raWUuY29tL2VtYmVkL3pINWRIY0tOUEgwP2ZlYXR1cmU9b2VtYmVkIiBmcmFtZWJvcmRlcj0iMCIgYWxsb3c9ImFjY2VsZXJvbWV0ZXI7IGF1dG9wbGF5OyBjbGlwYm9hcmQtd3JpdGU7IGVuY3J5cHRlZC1tZWRpYTsgZ3lyb3Njb3BlOyBwaWN0dXJlLWluLXBpY3R1cmU7IHdlYi1zaGFyZSIgcmVmZXJyZXJwb2xpY3k9InN0cmljdC1vcmlnaW4td2hlbi1jcm9zcy1vcmlnaW4iIGFsbG93ZnVsbHNjcmVlbj48L2lmcmFtZT4=\"><div class=\"brlbs-cmpnt-cb-preset-c brlbs-cmpnt-cb-youtube\"> <div class=\"brlbs-cmpnt-cb-thumbnail\" style=\"background-image: url('https:\/\/savir-center.com\/wp-content\/uploads\/borlabs-cookie\/1\/yt_zH5dHcKNPH0_hqdefault.jpg')\"><\/div> <div class=\"brlbs-cmpnt-cb-main\"> <div class=\"brlbs-cmpnt-cb-play-button\"><\/div> <div class=\"brlbs-cmpnt-cb-content\"> <p class=\"brlbs-cmpnt-cb-description\">You are currently viewing a placeholder content from <strong>YouTube<\/strong>. To access the actual content, click the button below. Please note that doing so will share data with third-party providers.<\/p> <a class=\"brlbs-cmpnt-cb-provider-toggle\" href=\"#\" data-borlabs-cookie-show-provider-information role=\"button\">More Information<\/a> <\/div> <div class=\"brlbs-cmpnt-cb-buttons\"> <a class=\"brlbs-cmpnt-cb-btn\" href=\"#\" data-borlabs-cookie-unblock role=\"button\">Unblock content<\/a> <a class=\"brlbs-cmpnt-cb-btn\" href=\"#\" data-borlabs-cookie-accept-service role=\"button\" style=\"display: inherit\">Accept required service and unblock content<\/a> <\/div> <\/div> <\/div><\/div>\n<\/div><\/figure>\n<\/div>\n\n\n\n<div class=\"wp-block-column is-vertically-aligned-top is-layout-flow wp-block-column-is-layout-flow\" style=\"flex-basis:66.66%\">\n<p id=\"unsere-patienten-kommen-aus-ganz-deutschland-und-vielen-l\u00e4ndern-weltweit-zu-uns-nach-magdeburg--z-b-aus-\u00f6sterreich-italien-frankreich-polen-schweiz-malta-t\u00fcrkei-usa-kanada-dubaivereinigte-arabische-emirate-russland-ukraine-vietnam-china-neuseeland-australien\" style=\"margin-top:var(--wp--preset--spacing--30);margin-right:var(--wp--preset--spacing--30);margin-bottom:var(--wp--preset--spacing--30);margin-left:var(--wp--preset--spacing--30)\">Our patients come to us in Magdeburg from all over Germany and many countries worldwide: e.g. from Austria, Italy, France, Poland, Switzerland Malta, Turkey, USA, Canada, Dubai\/United Arab Emirates, Russia, Ukraine, Vietnam, China, New Zealand, Australia.<\/p>\n<\/div>\n<\/div>\n\n\n\n<div class=\"wp-block-columns is-layout-flex wp-container-core-columns-is-layout-28f84493 wp-block-columns-is-layout-flex\">\n<div class=\"wp-block-column is-layout-flow wp-block-column-is-layout-flow\" style=\"flex-basis:25%\"><\/div>\n\n\n\n<div class=\"wp-block-column is-layout-flow wp-block-column-is-layout-flow\" style=\"flex-basis:50%\">\n<div class=\"wp-block-group is-vertical is-content-justification-center is-layout-flex wp-container-core-group-is-layout-2f773bf9 wp-block-group-is-layout-flex\" style=\"padding-top:var(--wp--preset--spacing--20);padding-right:var(--wp--preset--spacing--20);padding-bottom:var(--wp--preset--spacing--20);padding-left:var(--wp--preset--spacing--20)\">\n<figure class=\"wp-block-image size-full\"><img decoding=\"async\" src=\"https:\/\/savir-center.com\/wp-content\/uploads\/savir_unterzeile_positiv-0-130-145-1.svg\" alt=\"Logo Sabel Vision Restauration Center\" class=\"wp-image-1296\"\/><\/figure>\n\n\n\n<div class=\"wp-block-buttons is-content-justification-center is-layout-flex wp-container-core-buttons-is-layout-a89b3969 wp-block-buttons-is-layout-flex\">\n<div class=\"wp-block-button btn-scale\"><a class=\"wp-block-button__link has-white-color has-text-color has-background wp-element-button\" href=\"https:\/\/savir-center.com\/en\/contact\/\" style=\"border-radius:5px;background-color:#dc5049\">Free Consultation<\/a><\/div>\n<\/div>\n<\/div>\n<\/div>\n\n\n\n<div class=\"wp-block-column is-layout-flow wp-block-column-is-layout-flow\" style=\"flex-basis:25%\"><\/div>\n<\/div>\n\n\n\n<div style=\"height:10px\" aria-hidden=\"true\" class=\"wp-block-spacer wp-embed-aspect-16-9 wp-has-aspect-ratio\"><\/div>\n\n\n\n<div class=\"wp-block-group alignment-full has-white-color has-text-color has-background has-global-padding is-content-justification-center is-layout-constrained wp-container-core-group-is-layout-ddcf2457 wp-block-group-is-layout-constrained\" style=\"background-color:#008291;padding-top:0;padding-right:0;padding-bottom:0;padding-left:0\">\n<div class=\"wp-block-columns alignment-full-font is-layout-flex wp-container-core-columns-is-layout-d7d455e7 wp-block-columns-is-layout-flex\" style=\"padding-top:0;padding-right:0;padding-bottom:0;padding-left:0\">\n<div class=\"wp-block-column is-layout-flow wp-block-column-is-layout-flow\">\n<p class=\"has-text-align-center has-medium-font-size\">Worldwide Unique, Holistic Therapy for Optic Nerve Damage<\/p>\n<\/div>\n\n\n\n<div class=\"wp-block-column is-layout-flow wp-block-column-is-layout-flow\">\n<div class=\"wp-block-group is-vertical is-content-justification-center is-nowrap is-layout-flex wp-container-core-group-is-layout-d7b04dc7 wp-block-group-is-layout-flex\">\n<p class=\"has-text-align-center count-30 has-text-color\" style=\"color:#db4139;font-size:69px\">0<\/p>\n\n\n\n<p class=\"has-text-align-center has-medium-font-size\">Years of Research Leadership<\/p>\n<\/div>\n<\/div>\n\n\n\n<div class=\"wp-block-column is-layout-flow wp-block-column-is-layout-flow\">\n<p class=\"has-text-align-center has-medium-font-size\">Years of Experience and Success in Treating Patients<\/p>\n<\/div>\n<\/div>\n<\/div>\n\n\n\n<div style=\"height:30px\" aria-hidden=\"true\" class=\"wp-block-spacer wp-embed-aspect-16-9 wp-has-aspect-ratio\"><\/div>\n\n\n\n<div class=\"wp-block-group has-global-padding is-layout-constrained wp-block-group-is-layout-constrained\">\n<h2 class=\"wp-block-heading has-text-align-center\" id=\"ist-die-savir-therapie-f\u00fcr-mich-geeignet\" style=\"margin-top:var(--wp--preset--spacing--50);margin-right:var(--wp--preset--spacing--50);margin-bottom:var(--wp--preset--spacing--50);margin-left:var(--wp--preset--spacing--50);font-size:32px;font-style:normal;font-weight:500\">Am I a Candidate?<\/h2>\n\n\n\n<div class=\"wp-block-columns is-layout-flex wp-container-core-columns-is-layout-28f84493 wp-block-columns-is-layout-flex\">\n<div class=\"wp-block-column is-layout-flow wp-block-column-is-layout-flow\" style=\"flex-basis:20%\"><\/div>\n\n\n\n<div class=\"wp-block-column is-layout-flow wp-block-column-is-layout-flow\" style=\"flex-basis:60%\">\n<div class=\"wp-block-buttons has-custom-font-size btn-read-more invert has-medium-font-size is-content-justification-center is-nowrap is-layout-flex wp-container-core-buttons-is-layout-f28c712a wp-block-buttons-is-layout-flex\">\n<div class=\"wp-block-button has-custom-width wp-block-button__width-100 has-custom-font-size is-style-fill\" style=\"font-size:24px\"><a class=\"wp-block-button__link has-white-color has-text-color has-background has-text-align-center wp-element-button\" href=\"https:\/\/savir-center.com\/en\/test-is-the-treatment-suitable-for-me\/\" style=\"border-radius:15px;background-color:#008291;padding-top:var(--wp--preset--spacing--50);padding-right:var(--wp--preset--spacing--50);padding-bottom:var(--wp--preset--spacing--50);padding-left:var(--wp--preset--spacing--50)\">Perform the test now<\/a><\/div>\n<\/div>\n<\/div>\n\n\n\n<div class=\"wp-block-column is-layout-flow wp-block-column-is-layout-flow\" style=\"flex-basis:20%\"><\/div>\n<\/div>\n<\/div>\n\n\n\n<div style=\"height:50px\" aria-hidden=\"true\" class=\"wp-block-spacer wp-embed-aspect-16-9 wp-has-aspect-ratio\"><\/div>\n<\/div>\n","protected":false},"excerpt":{"rendered":"<p>Table of Content show What is visual field loss? What does a healthy visual field look like? How does visual field loss show itself? How is visual field loss diagnosed? What is the cause of visual field loss? How is visual field loss treated? How can the SAVIR-therapy help with visual field loss? What is [&hellip;]<\/p>\n","protected":false},"author":2,"featured_media":0,"parent":0,"menu_order":0,"comment_status":"closed","ping_status":"closed","template":"","meta":{"_acf_changed":false,"inline_featured_image":false,"footnotes":""},"class_list":["post-4574","page","type-page","status-publish","hentry"],"acf":[],"_links":{"self":[{"href":"https:\/\/savir-center.com\/en\/wp-json\/wp\/v2\/pages\/4574","targetHints":{"allow":["GET"]}}],"collection":[{"href":"https:\/\/savir-center.com\/en\/wp-json\/wp\/v2\/pages"}],"about":[{"href":"https:\/\/savir-center.com\/en\/wp-json\/wp\/v2\/types\/page"}],"author":[{"embeddable":true,"href":"https:\/\/savir-center.com\/en\/wp-json\/wp\/v2\/users\/2"}],"replies":[{"embeddable":true,"href":"https:\/\/savir-center.com\/en\/wp-json\/wp\/v2\/comments?post=4574"}],"version-history":[{"count":0,"href":"https:\/\/savir-center.com\/en\/wp-json\/wp\/v2\/pages\/4574\/revisions"}],"wp:attachment":[{"href":"https:\/\/savir-center.com\/en\/wp-json\/wp\/v2\/media?parent=4574"}],"curies":[{"name":"wp","href":"https:\/\/api.w.org\/{rel}","templated":true}]}}