{"id":4659,"date":"2021-03-16T10:45:09","date_gmt":"2021-03-16T09:45:09","guid":{"rendered":"https:\/\/staging.savir-center.com\/?page_id=4659"},"modified":"2024-03-07T11:02:14","modified_gmt":"2024-03-07T10:02:14","slug":"retinitis-pigmentosa","status":"publish","type":"page","link":"https:\/\/savir-center.com\/en\/retinitis-pigmentosa\/","title":{"rendered":"Retinitis Pigmentosa"},"content":{"rendered":"\n<div class=\"wp-block-cover alignment-full\"><span aria-hidden=\"true\" class=\"wp-block-cover__background has-background-dim-0 has-background-dim\"><\/span><img decoding=\"async\" width=\"1140\" height=\"500\" class=\"wp-block-cover__image-background wp-image-4084\" alt=\"\" src=\"https:\/\/savir-center.com\/wp-content\/uploads\/Retinitis-pigmentosa-auge.webp\" style=\"object-position:43% 54%\" data-object-fit=\"cover\" data-object-position=\"43% 54%\" srcset=\"https:\/\/savir-center.com\/wp-content\/uploads\/Retinitis-pigmentosa-auge.webp 1140w, https:\/\/savir-center.com\/wp-content\/uploads\/Retinitis-pigmentosa-auge-300x132.webp 300w, https:\/\/savir-center.com\/wp-content\/uploads\/Retinitis-pigmentosa-auge-1024x449.webp 1024w, https:\/\/savir-center.com\/wp-content\/uploads\/Retinitis-pigmentosa-auge-768x337.webp 768w\" sizes=\"(max-width: 1140px) 100vw, 1140px\" \/><div class=\"wp-block-cover__inner-container is-layout-flow wp-block-cover-is-layout-flow\">\n<p class=\"has-text-align-center text-shadow-black has-x-large-font-size\" id=\"-retinitis-pigmentosa-\" style=\"line-height:1\"><strong>Retinitis Pigmentosa<\/strong><\/p>\n\n\n\n<p class=\"has-text-align-center text-shadow-black has-medium-font-size\" id=\"-all-info-about-retinitis-pigmentosa-\" style=\"line-height:1\"><strong>All info about retinitis pigmentosa<\/strong><\/p>\n<\/div><\/div>\n\n\n\n<div class=\"gutentoc tocactive ullist\"><div class=\"gutentoc-toc-wrap\"><div class=\"gutentoc-toc-title-wrap\"><div class=\"gutentoc-toc-title\">Table of content<\/div><div id=\"open\" class=\"toggletwo\">show<\/div><\/div><div id=\"toclist\"><div class=\"gutentoc-toc__list-wrap\"><ul class=\"gutentoc-toc__list\"><li><a href=\"#what-is-retinitis-pigmentosa\u200b\">What is retinitis pigmentosa?\u200b<\/a><\/li><ul class=\"gutentoc-toc__list\"><li><a href=\"#how-do-patients-see-with-retinitis-pigmentosa\">How do patients see with retinitis pigmentosa?<\/a><\/li><li><a href=\"#how-does-retinitis-pigmentosa-develop\">How does retinitis pigmentosa develop?<\/a><\/li><li><a href=\"#associated-retinitis-pigmentosa-syndrome\">Associated retinitis pigmentosa syndrome<\/a><\/li><li><a href=\"#retinitis-pigmentosa-diagnosis\">Retinitis pigmentosa diagnosis<\/a><\/li><li><a href=\"#is-there-a-cure-for-retinitis-pigmentosa\">Is there a cure for retinitis pigmentosa?<\/a><\/li><li><a href=\"#savir-therapy-for-retinitis-pigmentosa\">SAVIR therapy for retinitis pigmentosa<\/a><\/li><\/ul><\/ul><\/div><\/div><\/div><\/div><style> .gutentoc-toc-wrap ul li a, .gutentoc-toc-title-wrap .text_open{ color: #000}} <\/style>\n\n\n\n<div style=\"height:30px\" aria-hidden=\"true\" class=\"wp-block-spacer\"><\/div>\n\n\n\n<h1 class=\"wp-block-heading has-text-align-center\" id=\"what-is-retinitis-pigmentosa\u200b\" style=\"font-size:40px\">What is retinitis pigmentosa?\u200b<\/h1>\n\n\n\n<p>Retinitis pigmentosa (RP) is a disease that leads to retinal degeneration. The sensory cells (photoreceptors) of the retina at the back of the eye may die off due to genetic abnormalities. Most often, it is the rods at the far edge of the visual field that are affected first, and as the disease progresses, the damage can slowly and gradually increase in size, reaching the macula. The vision loss can be particularly challenging when the macula, the central visual field region with the sharpest vision, is damaged.<\/p>\n\n\n\n<p class=\"has-medium-font-size\"><strong>Causes<\/strong><\/p>\n\n\n\n<p>Retinitis pigmentosa is inherited in the majority of cases. Sometimes the disease is also triggered by certain medications. The resulting retinal degeneration shows symptoms similar to retinitis pigmentosa, in which case it is called pseudoretinitis pigmentosa.<\/p>\n\n\n\n<p class=\"has-medium-font-size\"><strong>Epidemiology<\/strong><\/p>\n\n\n\n<p>In Germany, between 30,000 and 40,000 people are affected by retinitis pigmentosa; worldwide there are an estimated 3 million people affected. It is possible that the number of unreported cases is higher, as the disease progresses insidiously. The probability of contracting retinitis pigmentosa is about 1 in 2,000.<\/p>\n\n\n\n<div class=\"wp-block-group has-global-padding is-layout-constrained wp-block-group-is-layout-constrained\">\n<div style=\"height:30px\" aria-hidden=\"true\" class=\"wp-block-spacer\"><\/div>\n\n\n\n<div class=\"wp-block-columns is-layout-flex wp-container-core-columns-is-layout-28f84493 wp-block-columns-is-layout-flex\">\n<div class=\"wp-block-column is-layout-flow wp-block-column-is-layout-flow\" style=\"flex-basis:25%\">\n<figure class=\"wp-block-image is-resized size-150x150\"><img decoding=\"async\" src=\"https:\/\/savir-center.com\/wp-content\/uploads\/elementor\/thumbs\/Prof-Bernhard-Sabel-pjygsv24v2wx7hiae5x3qplk2lv6urf4wz9gm53azg.webp\" alt=\"Prof. Bernhard Sabel\" style=\"object-fit:cover;width:150px;height:150px\" title=\"Prof-Bernhard-Sabel\"\/><\/figure>\n<\/div>\n\n\n\n<div class=\"wp-block-column is-layout-flow wp-block-column-is-layout-flow\" style=\"flex-basis:75%\">\n<p class=\"has-black-color has-text-color has-link-color wp-elements-b902cdd8920ad958d870f15a76355a7b\" id=\"-prof-dr-bernhard-sabel-\" style=\"font-size:28px\"><em><a href=\"https:\/\/en.wikipedia.org\/wiki\/Bernhard_Sabel\" target=\"_blank\" data-type=\"link\" data-id=\"https:\/\/en.wikipedia.org\/wiki\/Bernhard_Sabel\" rel=\"noreferrer noopener\">Prof. Dr. Bernhard Sabel<\/a><\/em><\/p>\n\n\n\n<p class=\"has-small-font-size\" id=\"-\u201edie-optimierung-der-sehrestleistung-ist-eine-ganzheitliche-erg\u00e4nzung-zu-augen\u00e4rztlichen-therapie\u00adverfahren-wie-augentropfen-oder-ops-wir-machen-da-weiter-wo-die-augenheilkunde-aufh\u00f6rt-wir-kombinieren-schulmedizinische-wissenschaft-mit-erkenntnissen-aus-der-modernen-hirnforschung-und-verfahren-der-traditionellen-medizin\u201c-\"><em>\u201eThe optimization of residual vision is a holistic complement to ophthalmological care such as eye drops or surgeries. We continue where ophthalmology stops. We combine conventional medical science with new findings from modern brain research and traditional medicine methods.\u201c<\/em><\/p>\n<\/div>\n<\/div>\n\n\n\n<div style=\"height:30px\" aria-hidden=\"true\" class=\"wp-block-spacer\"><\/div>\n<\/div>\n\n\n\n<div class=\"wp-block-columns is-layout-flex wp-container-core-columns-is-layout-14cf5ab5 wp-block-columns-is-layout-flex\">\n<div class=\"wp-block-column is-vertically-aligned-top is-layout-flow wp-block-column-is-layout-flow\" style=\"flex-basis:40%\">\n<h2 class=\"wp-block-heading has-text-align-right\" id=\"how-do-patients-see-with-retinitis-pigmentosa\">How do patients see with retinitis pigmentosa?<\/h2>\n<\/div>\n\n\n\n<div class=\"wp-block-column is-layout-flow wp-block-column-is-layout-flow\" style=\"flex-basis:60%\">\n<p>Retinitis pigmentosa manifests in adolescence or a little later, with night blindness as the first symptom. Then the vision slowly diminishes: The eyes are less and less able to adapt to changing light conditions and are subsequently sensitive to glare. Contrasts are no longer recognized, and finally colors can no longer be seen properly. While the central visual field remains intact for a long time, peripheral vision is impaired, which is also called \u201ctunnel vision\u201d or \u201ctube vision.\u201d<\/p>\n\n\n\n<figure class=\"wp-block-image\"><img decoding=\"async\" src=\"https:\/\/savir-center.com\/wp-content\/uploads\/elementor\/thumbs\/Retinitis-pigmentosa-Tunnelblick-q1wdfxh0p7tf9o0yo1gkf3pggkkbs1ss04yvn4mnc0.webp\" alt=\"Retinitis-pigmentosa-Tunnelblick\" title=\"Retinitis-pigmentosa-Tunnelblick\"\/><figcaption class=\"wp-element-caption\"><em>Example of tunnel vision in retinitis pigmentosa (RP)<\/em><\/figcaption><\/figure>\n<\/div>\n<\/div>\n\n\n\n<div style=\"height:30px\" aria-hidden=\"true\" class=\"wp-block-spacer\"><\/div>\n\n\n\n<div class=\"wp-block-columns is-layout-flex wp-container-core-columns-is-layout-14cf5ab5 wp-block-columns-is-layout-flex\">\n<div class=\"wp-block-column is-vertically-aligned-top is-layout-flow wp-block-column-is-layout-flow\" style=\"flex-basis:40%\">\n<h2 class=\"wp-block-heading has-text-align-right\" id=\"how-does-retinitis-pigmentosa-develop\">How does retinitis pigmentosa develop?<\/h2>\n<\/div>\n\n\n\n<div class=\"wp-block-column is-layout-flow wp-block-column-is-layout-flow\" style=\"flex-basis:60%\">\n<p>Even in early stages, affected individuals may be dependent on orientation aids, such as a long cane, due to night blindness and tunnel vision. Often, retinitis pigmentosa leads to blindness. Nearly half of all sufferers also develop cataracts in adulthood. From the first symptom to full blindness can be a very long process, extending over several decades. Therefore, the diagnosis of retinitis pigmentosa is psychologically very stressful.<\/p>\n<\/div>\n<\/div>\n\n\n\n<div style=\"height:30px\" aria-hidden=\"true\" class=\"wp-block-spacer\"><\/div>\n\n\n\n<div class=\"wp-block-columns is-layout-flex wp-container-core-columns-is-layout-14cf5ab5 wp-block-columns-is-layout-flex\">\n<div class=\"wp-block-column is-vertically-aligned-top is-layout-flow wp-block-column-is-layout-flow\" style=\"flex-basis:40%\">\n<h2 class=\"wp-block-heading has-text-align-right\" id=\"associated-retinitis-pigmentosa-syndrome\">Associated retinitis pigmentosa syndrome<\/h2>\n<\/div>\n\n\n\n<div class=\"wp-block-column is-layout-flow wp-block-column-is-layout-flow\" style=\"flex-basis:60%\">\n<p>About a quarter of all RP patients suffer from associated retinitis pigmentosa syndrome. This means that not only the eye but other organs of the patient show symptoms of the disease as well. These can include hearing disorders as well as cardiac arrhythmias, paralysis, gait disorders, or muscle weakness, among many other symptoms. The best known of these are Usher, Bardet-Biedl, Refsum, NBIA, Alport, and Saldino-Mainzer syndromes.<\/p>\n<\/div>\n<\/div>\n\n\n\n<div style=\"height:30px\" aria-hidden=\"true\" class=\"wp-block-spacer\"><\/div>\n\n\n\n<div class=\"wp-block-columns is-layout-flex wp-container-core-columns-is-layout-14cf5ab5 wp-block-columns-is-layout-flex\">\n<div class=\"wp-block-column is-vertically-aligned-top is-layout-flow wp-block-column-is-layout-flow\" style=\"flex-basis:40%\">\n<h2 class=\"wp-block-heading has-text-align-right\" id=\"retinitis-pigmentosa-diagnosis\">Retinitis pigmentosa diagnosis<\/h2>\n<\/div>\n\n\n\n<div class=\"wp-block-column is-layout-flow wp-block-column-is-layout-flow\" style=\"flex-basis:60%\">\n<p>If symptoms of retinitis pigmentosa appear in childhood, an ophthalmologist should be consulted. RP can be diagnosed at a young age with the help of an electroretinogram, which can detect reduced nerve signaling potentials. An ophthalmologic examination may also reveal narrowed retinal vessels, waxy yellow atrophy of the optic nerve papilla, and bony pigmentation. Macular changes are found only in later stages. Possible hearing disorders or certain blood values also can show whether retinitis pigmentosa is possibly present.<\/p>\n<\/div>\n<\/div>\n\n\n\n<div style=\"height:30px\" aria-hidden=\"true\" class=\"wp-block-spacer\"><\/div>\n\n\n\n<div class=\"wp-block-columns is-layout-flex wp-container-core-columns-is-layout-14cf5ab5 wp-block-columns-is-layout-flex\">\n<div class=\"wp-block-column is-vertically-aligned-top is-layout-flow wp-block-column-is-layout-flow\" style=\"flex-basis:40%\">\n<h2 class=\"wp-block-heading has-text-align-right\" id=\"is-there-a-cure-for-retinitis-pigmentosa\">Is there a cure for retinitis pigmentosa?<\/h2>\n<\/div>\n\n\n\n<div class=\"wp-block-column is-layout-flow wp-block-column-is-layout-flow\" style=\"flex-basis:60%\">\n<p>Unfortunately, there is currently no conventional medical treatment that can cure retinitis pigmentosa or prevent the progression of &nbsp;the disease. Up to half of all people affected go blind before they reach the age of 40. However, there are a few rare special forms of retinitis pigmentosa in which the process can be brought to a halt with targeted measures.<\/p>\n\n\n\n<p>Clinical observations suggest that vision loss from retinitis pigmentosa is partially reversible with SAVIR therapy. This therapy uses small microcurrent pulses to improve blood flow in the eye and brain, so that \u201cparalyzed\u201d nerve cells and photoreceptors can be revived, and the remaining optical stimuli can be better processed. This microcurrent treatment can significantly improve the vision of patients suffering from retinitis pigmentosa.<\/p>\n<\/div>\n<\/div>\n\n\n\n<div style=\"height:30px\" aria-hidden=\"true\" class=\"wp-block-spacer\"><\/div>\n\n\n\n<div class=\"wp-block-columns is-layout-flex wp-container-core-columns-is-layout-14cf5ab5 wp-block-columns-is-layout-flex\">\n<div class=\"wp-block-column is-vertically-aligned-top is-layout-flow wp-block-column-is-layout-flow\" style=\"flex-basis:40%\">\n<h2 class=\"wp-block-heading has-text-align-right\" id=\"savir-therapy-for-retinitis-pigmentosa\">SAVIR therapy for retinitis pigmentosa<\/h2>\n<\/div>\n\n\n\n<div class=\"wp-block-column is-layout-flow wp-block-column-is-layout-flow\" style=\"flex-basis:60%\">\n<h3 class=\"wp-block-heading\" id=\"is-microcurrent-treatment-effective\">Is microcurrent treatment effective?<\/h3>\n\n\n\n<p>In a clinical trial, 82 patients whose vision was impaired by optic nerve damage were treated for 10 days with either microcurrent (SAVIR therapy) or a noncurrent placebo therapy. For the microcurrent treatment, electrodes were attached above and next to the eyes, and the patients were administered very mild current pulses via the electrodes for 40 minutes daily. After only 10 days of microcurrent therapy, visual performance improved significantly in two-thirds of the study participants, as the neuron network in their brains had recovered. Blood flow to the brain also improved. In one example, the visual cortex in the back of the head was once again able to process visual signals with the frontal cortex in the forehead area in order to generate meaningful images from the visual impulses of the eyes. As a result, patients were able to see better, even though the damage to the optic nerve was considered \u201cirreparable\u201d. The therapy had simply reactivated \u201cdormant\u201d (silent) neurons. Similar observations were also reported in patients with retinitis pigmentosa in the scientific literature, which was confirmed by our observations at SAVIR.<\/p>\n\n\n\n<h3 class=\"wp-block-heading\" id=\"risks-and-side-effects-of-savir-therapy\">Risks and side effects of SAVIR therapy<\/h3>\n\n\n\n<p>SAVIR therapy has hardly any risks or side effects. In more than 2,000 patient treatments, not a single serious adverse event was reported. The current pulses used are so weak that they are hardly felt on the skin. Patients may notice brief flashes of light when their eyes are closed during treatment. By the way, the current pulses are much lower than those of a pacemaker. There is more light at the end of the tunnel for retinitis pigmentosa.<\/p>\n<\/div>\n<\/div>\n\n\n\n<div style=\"height:30px\" aria-hidden=\"true\" class=\"wp-block-spacer\"><\/div>\n\n\n\n<div class=\"wp-block-group alignment-full has-global-padding is-layout-constrained wp-block-group-is-layout-constrained\">\n<p class=\"has-text-align-center block-patients-say wp-embed-aspect-16-9 wp-has-aspect-ratio has-link-color wp-elements-8852a0844d7d5c88283097c4e6de6374\" id=\"-was-patienten-sagen-\" style=\"margin-top:var(--wp--preset--spacing--60);margin-right:var(--wp--preset--spacing--40);margin-bottom:var(--wp--preset--spacing--60);margin-left:var(--wp--preset--spacing--40);font-size:45px\"><a href=\"https:\/\/savir-center.com\/testimonials\/\" target=\"_blank\" rel=\"noopener\"><\/a><a href=\"https:\/\/savir-center.com\/testimonials\/\" target=\"_blank\" rel=\"noreferrer noopener\">What our patients say<\/a><\/p>\n\n\n\n<div class=\"wp-block-columns block-patients-say wp-embed-aspect-16-9 wp-has-aspect-ratio is-layout-flex wp-container-core-columns-is-layout-28f84493 wp-block-columns-is-layout-flex\">\n<div class=\"wp-block-column is-layout-flow wp-block-column-is-layout-flow\" style=\"flex-basis:33.33%\">\n<figure class=\"wp-block-embed is-type-video is-provider-youtube wp-block-embed-youtube wp-embed-aspect-16-9 wp-has-aspect-ratio\"><div class=\"wp-block-embed__wrapper\">\n <div class=\"brlbs-cmpnt-container brlbs-cmpnt-content-blocker brlbs-cmpnt-with-individual-styles\" data-borlabs-cookie-content-blocker-id=\"youtube-content-blocker\" data-borlabs-cookie-content=\"PGlmcmFtZSB0aXRsZT0iQmVoYW5kbHVuZyBTZWhuZXJ2c2Now6RkaWd1bmc6IFNlaG5lcnYgd2llZGVyaGVyc3RlbGxlbiAoRnJhdSBCLikiIHdpZHRoPSI1MDAiIGhlaWdodD0iMjgxIiBzcmM9Imh0dHBzOi8vd3d3LnlvdXR1YmUtbm9jb29raWUuY29tL2VtYmVkL3pINWRIY0tOUEgwP2ZlYXR1cmU9b2VtYmVkIiBmcmFtZWJvcmRlcj0iMCIgYWxsb3c9ImFjY2VsZXJvbWV0ZXI7IGF1dG9wbGF5OyBjbGlwYm9hcmQtd3JpdGU7IGVuY3J5cHRlZC1tZWRpYTsgZ3lyb3Njb3BlOyBwaWN0dXJlLWluLXBpY3R1cmU7IHdlYi1zaGFyZSIgcmVmZXJyZXJwb2xpY3k9InN0cmljdC1vcmlnaW4td2hlbi1jcm9zcy1vcmlnaW4iIGFsbG93ZnVsbHNjcmVlbj48L2lmcmFtZT4=\"><div class=\"brlbs-cmpnt-cb-preset-c brlbs-cmpnt-cb-youtube\"> <div class=\"brlbs-cmpnt-cb-thumbnail\" style=\"background-image: url('https:\/\/savir-center.com\/wp-content\/uploads\/borlabs-cookie\/1\/yt_zH5dHcKNPH0_hqdefault.jpg')\"><\/div> <div class=\"brlbs-cmpnt-cb-main\"> <div class=\"brlbs-cmpnt-cb-play-button\"><\/div> <div class=\"brlbs-cmpnt-cb-content\"> <p class=\"brlbs-cmpnt-cb-description\">You are currently viewing a placeholder content from <strong>YouTube<\/strong>. To access the actual content, click the button below. Please note that doing so will share data with third-party providers.<\/p> <a class=\"brlbs-cmpnt-cb-provider-toggle\" href=\"#\" data-borlabs-cookie-show-provider-information role=\"button\">More Information<\/a> <\/div> <div class=\"brlbs-cmpnt-cb-buttons\"> <a class=\"brlbs-cmpnt-cb-btn\" href=\"#\" data-borlabs-cookie-unblock role=\"button\">Unblock content<\/a> <a class=\"brlbs-cmpnt-cb-btn\" href=\"#\" data-borlabs-cookie-accept-service role=\"button\" style=\"display: inherit\">Accept required service and unblock content<\/a> <\/div> <\/div> <\/div><\/div>\n<\/div><\/figure>\n<\/div>\n\n\n\n<div class=\"wp-block-column is-vertically-aligned-top is-layout-flow wp-block-column-is-layout-flow\" style=\"flex-basis:66.66%\">\n<p id=\"unsere-patienten-kommen-aus-ganz-deutschland-und-vielen-l\u00e4ndern-weltweit-zu-uns-nach-magdeburg--z-b-aus-\u00f6sterreich-italien-frankreich-polen-schweiz-malta-t\u00fcrkei-usa-kanada-dubaivereinigte-arabische-emirate-russland-ukraine-vietnam-china-neuseeland-australien\" style=\"margin-top:var(--wp--preset--spacing--30);margin-right:var(--wp--preset--spacing--30);margin-bottom:var(--wp--preset--spacing--30);margin-left:var(--wp--preset--spacing--30)\">Our patients come to us in Magdeburg from all over Germany and many countries worldwide: e.g. from Austria, Italy, France, Poland, Switzerland Malta, Turkey, USA, Canada, Dubai\/United Arab Emirates, Russia, Ukraine, Vietnam, China, New Zealand, Australia.<\/p>\n<\/div>\n<\/div>\n\n\n\n<div class=\"wp-block-columns is-layout-flex wp-container-core-columns-is-layout-28f84493 wp-block-columns-is-layout-flex\">\n<div class=\"wp-block-column is-layout-flow wp-block-column-is-layout-flow\" style=\"flex-basis:25%\"><\/div>\n\n\n\n<div class=\"wp-block-column is-layout-flow wp-block-column-is-layout-flow\" style=\"flex-basis:50%\">\n<div class=\"wp-block-group is-vertical is-content-justification-center is-layout-flex wp-container-core-group-is-layout-2f773bf9 wp-block-group-is-layout-flex\" style=\"padding-top:var(--wp--preset--spacing--20);padding-right:var(--wp--preset--spacing--20);padding-bottom:var(--wp--preset--spacing--20);padding-left:var(--wp--preset--spacing--20)\">\n<figure class=\"wp-block-image size-full\"><img decoding=\"async\" src=\"https:\/\/savir-center.com\/wp-content\/uploads\/savir_unterzeile_positiv-0-130-145-1.svg\" alt=\"Logo Sabel Vision Restauration Center\" class=\"wp-image-1296\"\/><\/figure>\n\n\n\n<div class=\"wp-block-buttons is-content-justification-center is-layout-flex wp-container-core-buttons-is-layout-a89b3969 wp-block-buttons-is-layout-flex\">\n<div class=\"wp-block-button btn-scale\"><a class=\"wp-block-button__link has-white-color has-text-color has-background wp-element-button\" href=\"https:\/\/savir-center.com\/en\/contact\/\" style=\"border-radius:5px;background-color:#dc5049\">Free Consultation<\/a><\/div>\n<\/div>\n<\/div>\n<\/div>\n\n\n\n<div class=\"wp-block-column is-layout-flow wp-block-column-is-layout-flow\" style=\"flex-basis:25%\"><\/div>\n<\/div>\n\n\n\n<div style=\"height:10px\" aria-hidden=\"true\" class=\"wp-block-spacer wp-embed-aspect-16-9 wp-has-aspect-ratio\"><\/div>\n\n\n\n<div class=\"wp-block-group alignment-full has-white-color has-text-color has-background has-global-padding is-content-justification-center is-layout-constrained wp-container-core-group-is-layout-ddcf2457 wp-block-group-is-layout-constrained\" style=\"background-color:#008291;padding-top:0;padding-right:0;padding-bottom:0;padding-left:0\">\n<div class=\"wp-block-columns alignment-full-font is-layout-flex wp-container-core-columns-is-layout-d7d455e7 wp-block-columns-is-layout-flex\" style=\"padding-top:0;padding-right:0;padding-bottom:0;padding-left:0\">\n<div class=\"wp-block-column is-layout-flow wp-block-column-is-layout-flow\">\n<p class=\"has-text-align-center has-medium-font-size\">Worldwide Unique, Holistic Therapy for Optic Nerve Damage<\/p>\n<\/div>\n\n\n\n<div class=\"wp-block-column is-layout-flow wp-block-column-is-layout-flow\">\n<div class=\"wp-block-group is-vertical is-content-justification-center is-nowrap is-layout-flex wp-container-core-group-is-layout-d7b04dc7 wp-block-group-is-layout-flex\">\n<p class=\"has-text-align-center count-30 has-text-color\" style=\"color:#db4139;font-size:69px\">0<\/p>\n\n\n\n<p class=\"has-text-align-center has-medium-font-size\">Years of Research Leadership<\/p>\n<\/div>\n<\/div>\n\n\n\n<div class=\"wp-block-column is-layout-flow wp-block-column-is-layout-flow\">\n<p class=\"has-text-align-center has-medium-font-size\">Years of Experience and Success in Treating Patients<\/p>\n<\/div>\n<\/div>\n<\/div>\n\n\n\n<div style=\"height:30px\" aria-hidden=\"true\" class=\"wp-block-spacer wp-embed-aspect-16-9 wp-has-aspect-ratio\"><\/div>\n\n\n\n<div class=\"wp-block-group has-global-padding is-layout-constrained wp-block-group-is-layout-constrained\">\n<h2 class=\"wp-block-heading has-text-align-center\" id=\"ist-die-savir-therapie-f\u00fcr-mich-geeignet\" style=\"margin-top:var(--wp--preset--spacing--50);margin-right:var(--wp--preset--spacing--50);margin-bottom:var(--wp--preset--spacing--50);margin-left:var(--wp--preset--spacing--50);font-size:32px;font-style:normal;font-weight:500\">Am I a Candidate?<\/h2>\n\n\n\n<div class=\"wp-block-columns is-layout-flex wp-container-core-columns-is-layout-28f84493 wp-block-columns-is-layout-flex\">\n<div class=\"wp-block-column is-layout-flow wp-block-column-is-layout-flow\" style=\"flex-basis:20%\"><\/div>\n\n\n\n<div class=\"wp-block-column is-layout-flow wp-block-column-is-layout-flow\" style=\"flex-basis:60%\">\n<div class=\"wp-block-buttons has-custom-font-size btn-read-more invert has-medium-font-size is-content-justification-center is-nowrap is-layout-flex wp-container-core-buttons-is-layout-f28c712a wp-block-buttons-is-layout-flex\">\n<div class=\"wp-block-button has-custom-width wp-block-button__width-100 has-custom-font-size is-style-fill\" style=\"font-size:24px\"><a class=\"wp-block-button__link has-white-color has-text-color has-background has-text-align-center wp-element-button\" href=\"https:\/\/savir-center.com\/en\/test-is-the-treatment-suitable-for-me\/\" style=\"border-radius:15px;background-color:#008291;padding-top:var(--wp--preset--spacing--50);padding-right:var(--wp--preset--spacing--50);padding-bottom:var(--wp--preset--spacing--50);padding-left:var(--wp--preset--spacing--50)\">Perform the test now<\/a><\/div>\n<\/div>\n<\/div>\n\n\n\n<div class=\"wp-block-column is-layout-flow wp-block-column-is-layout-flow\" style=\"flex-basis:20%\"><\/div>\n<\/div>\n<\/div>\n\n\n\n<div style=\"height:50px\" aria-hidden=\"true\" class=\"wp-block-spacer wp-embed-aspect-16-9 wp-has-aspect-ratio\"><\/div>\n<\/div>\n","protected":false},"excerpt":{"rendered":"<p>Table of content show What is retinitis pigmentosa?\u200b How do patients see with retinitis pigmentosa? How does retinitis pigmentosa develop? Associated retinitis pigmentosa syndrome Retinitis pigmentosa diagnosis Is there a cure for retinitis pigmentosa? SAVIR therapy for retinitis pigmentosa What is retinitis pigmentosa?\u200b Retinitis pigmentosa (RP) is a disease that leads to retinal degeneration. The [&hellip;]<\/p>\n","protected":false},"author":2,"featured_media":0,"parent":0,"menu_order":0,"comment_status":"closed","ping_status":"closed","template":"","meta":{"_acf_changed":false,"inline_featured_image":false,"footnotes":""},"class_list":["post-4659","page","type-page","status-publish","hentry"],"acf":[],"_links":{"self":[{"href":"https:\/\/savir-center.com\/en\/wp-json\/wp\/v2\/pages\/4659","targetHints":{"allow":["GET"]}}],"collection":[{"href":"https:\/\/savir-center.com\/en\/wp-json\/wp\/v2\/pages"}],"about":[{"href":"https:\/\/savir-center.com\/en\/wp-json\/wp\/v2\/types\/page"}],"author":[{"embeddable":true,"href":"https:\/\/savir-center.com\/en\/wp-json\/wp\/v2\/users\/2"}],"replies":[{"embeddable":true,"href":"https:\/\/savir-center.com\/en\/wp-json\/wp\/v2\/comments?post=4659"}],"version-history":[{"count":0,"href":"https:\/\/savir-center.com\/en\/wp-json\/wp\/v2\/pages\/4659\/revisions"}],"wp:attachment":[{"href":"https:\/\/savir-center.com\/en\/wp-json\/wp\/v2\/media?parent=4659"}],"curies":[{"name":"wp","href":"https:\/\/api.w.org\/{rel}","templated":true}]}}