{"id":8118,"date":"2024-10-15T08:54:52","date_gmt":"2024-10-15T06:54:52","guid":{"rendered":"https:\/\/savir-center.com\/?page_id=8118"},"modified":"2024-10-15T14:10:44","modified_gmt":"2024-10-15T12:10:44","slug":"juvenile-glaucoma","status":"publish","type":"page","link":"https:\/\/savir-center.com\/en\/juvenile-glaucoma\/","title":{"rendered":"Juvenile Glaucoma"},"content":{"rendered":"\n<div class=\"wp-block-cover alignfull is-light\"><span aria-hidden=\"true\" class=\"wp-block-cover__background has-white-background-color has-background-dim-10 has-background-dim\"><\/span><img decoding=\"async\" width=\"2400\" height=\"1312\" class=\"wp-block-cover__image-background wp-image-8105\" alt=\"juvenile glaucoma\" src=\"https:\/\/savir-center.com\/wp-content\/uploads\/juveniles-glaukom.webp\" style=\"object-position:31% 22%\" data-object-fit=\"cover\" data-object-position=\"31% 22%\" srcset=\"https:\/\/savir-center.com\/wp-content\/uploads\/juveniles-glaukom.webp 2400w, https:\/\/savir-center.com\/wp-content\/uploads\/juveniles-glaukom-300x164.webp 300w, https:\/\/savir-center.com\/wp-content\/uploads\/juveniles-glaukom-1024x560.webp 1024w, https:\/\/savir-center.com\/wp-content\/uploads\/juveniles-glaukom-768x420.webp 768w, https:\/\/savir-center.com\/wp-content\/uploads\/juveniles-glaukom-1536x840.webp 1536w, https:\/\/savir-center.com\/wp-content\/uploads\/juveniles-glaukom-2048x1120.webp 2048w\" sizes=\"(max-width: 2400px) 100vw, 2400px\" \/><div class=\"wp-block-cover__inner-container has-global-padding is-layout-constrained wp-block-cover-is-layout-constrained\">\n<h1 class=\"wp-block-heading has-text-align-center has-text-color has-background has-link-color wp-elements-1c25bcd5e6bcf0ea74ac3a6ce1c99c7b\" id=\"juvenile-glaucoma\" style=\"color:#008291;background-color:#ffffff00;font-size:3.1rem;line-height:1\"><strong>Juvenile Glaucoma<\/strong><\/h1>\n<\/div><\/div>\n\n\n\n<div class=\"wp-block-group has-global-padding is-layout-constrained wp-block-group-is-layout-constrained\">\n<div class=\"wp-block-rank-math-toc-block\" id=\"rank-math-toc\"><p>Table of Contents<\/p><nav><ul><li><a href=\"#what-is-juvenile-glaucoma\">What is juvenile glaucoma?<\/a><\/li><li><a href=\"#the-causes-of-juvenile-glaucoma\">The causes of juvenile glaucoma<\/a><\/li><li><a href=\"#how-can-i-tell-if-my-child-has-juvenile-glaucoma\">How can I tell if my child has juvenile glaucoma?<\/a><\/li><li><a href=\"#how-is-juvenile-glaucoma-diagnosed\">How is juvenile glaucoma diagnosed?<\/a><\/li><li><a href=\"#progression-of-juvenile-glaucoma\">Progression of juvenile glaucoma<\/a><\/li><li><a href=\"#how-can-savir-therapy-help-with-juvenile-glaucoma\">How can SAVIR therapy help with juvenile glaucoma?<\/a><\/li><li><a href=\"#risks-and-side-effects-of-savir-therapy-for-juvenile-glaucoma\">Risks and side effects of SAVIR therapy for juvenile glaucoma<\/a><\/li><li><a href=\"#am-i-a-candidate\">Am I a Candidate?<\/a><\/li><\/ul><\/nav><\/div>\n<\/div>\n\n\n\n<div class=\"wp-block-group has-global-padding is-layout-constrained wp-block-group-is-layout-constrained\">\n<div style=\"height:30px\" aria-hidden=\"true\" class=\"wp-block-spacer\"><\/div>\n\n\n\n<div class=\"wp-block-columns is-layout-flex wp-container-core-columns-is-layout-28f84493 wp-block-columns-is-layout-flex\">\n<div class=\"wp-block-column is-layout-flow wp-block-column-is-layout-flow\" style=\"flex-basis:25%\">\n<figure class=\"wp-block-image aligncenter is-resized size-150x150\"><img decoding=\"async\" src=\"https:\/\/savir-center.com\/wp-content\/uploads\/elementor\/thumbs\/Prof-Bernhard-Sabel-pjygsv24v2wx7hiae5x3qplk2lv6urf4wz9gm53azg.webp\" alt=\"Prof. Bernhard Sabel\" style=\"object-fit:cover;width:150px;height:150px\" title=\"Prof-Bernhard-Sabel\"\/><\/figure>\n<\/div>\n\n\n\n<div class=\"wp-block-column is-layout-flow wp-block-column-is-layout-flow\" style=\"flex-basis:75%\">\n<p class=\"has-black-color has-text-color has-link-color wp-elements-b902cdd8920ad958d870f15a76355a7b\" id=\"-prof-dr-bernhard-sabel-\" style=\"font-size:28px\"><em><a href=\"https:\/\/en.wikipedia.org\/wiki\/Bernhard_Sabel\" target=\"_blank\" data-type=\"link\" data-id=\"https:\/\/en.wikipedia.org\/wiki\/Bernhard_Sabel\" rel=\"noreferrer noopener\">Prof. Dr. Bernhard Sabel<\/a><\/em><\/p>\n\n\n\n<p class=\"has-small-font-size\" id=\"-\u201edie-optimierung-der-sehrestleistung-ist-eine-ganzheitliche-erg\u00e4nzung-zu-augen\u00e4rztlichen-therapie\u00adverfahren-wie-augentropfen-oder-ops-wir-machen-da-weiter-wo-die-augenheilkunde-aufh\u00f6rt-wir-kombinieren-schulmedizinische-wissenschaft-mit-erkenntnissen-aus-der-modernen-hirnforschung-und-verfahren-der-traditionellen-medizin\u201c-\"><em>\u201eThe optimization of residual vision is a holistic complement to ophthalmological care such as eye drops or surgeries. We continue where ophthalmology stops. We combine conventional medical science with new findings from modern brain research and traditional medicine methods.\u201c<\/em><\/p>\n<\/div>\n<\/div>\n<\/div>\n\n\n\n<div style=\"height:30px\" aria-hidden=\"true\" class=\"wp-block-spacer\"><\/div>\n\n\n\n<div class=\"wp-block-group has-global-padding is-layout-constrained wp-block-group-is-layout-constrained\">\n<div class=\"wp-block-columns is-layout-flex wp-container-core-columns-is-layout-28f84493 wp-block-columns-is-layout-flex\">\n<div class=\"wp-block-column is-layout-flow wp-block-column-is-layout-flow\" style=\"flex-basis:40%\">\n<h2 class=\"wp-block-heading has-text-align-right\" id=\"what-is-juvenile-glaucoma\">What is juvenile glaucoma?<\/h2>\n<\/div>\n\n\n\n<div class=\"wp-block-column is-layout-flow wp-block-column-is-layout-flow\" style=\"flex-basis:60%\">\n<p>Glaucoma is actually considered a disease of the elderly, but there is also a juvenile form, even if it is rather rare. According to the Gutenberg Health Study, it only affects one in around 44,000 people. In juvenile glaucoma, the intraocular pressure increases between the ages of 10 and 35. Patients are on average 18 years old at the time of diagnosis.<\/p>\n\n\n\n<p>The increased pressure inside the eye occurs when the intraocular pressure and the blood flow to the optic nerve are no longer in balance. For example, as soon as the pores of the drainage tubules tighten, the intraocular pressure increases and too much fluid accumulates in the eye. At the same time, the blood flow in the optic disc decreases. Too much pressure reduces the blood flow and damages the optic nerve, impairing vision in the long term.<\/p>\n\n\n\n<p>Glaucoma is one of the most common causes of blindness worldwide. In Germany alone, around 500,000 people suffer from glaucoma, although experts estimate that the number of unreported cases is much higher. Around a tenth of all sufferers go blind.<\/p>\n\n\n\n<div style=\"height:30px\" aria-hidden=\"true\" class=\"wp-block-spacer\"><\/div>\n<\/div>\n<\/div>\n\n\n\n<div class=\"wp-block-columns is-layout-flex wp-container-core-columns-is-layout-28f84493 wp-block-columns-is-layout-flex\">\n<div class=\"wp-block-column is-layout-flow wp-block-column-is-layout-flow\" style=\"flex-basis:40%\">\n<h2 class=\"wp-block-heading has-text-align-right\" id=\"the-causes-of-juvenile-glaucoma\">The causes of juvenile glaucoma<\/h2>\n<\/div>\n\n\n\n<div class=\"wp-block-column is-layout-flow wp-block-column-is-layout-flow\" style=\"flex-basis:60%\">\n<p>Juvenile glaucoma is probably genetic: Doctors have identified mutations in the CYP1B1 and MYOC genes. However, parents do not always inherit this disease: in some children, glaucoma develops for no known reason.<\/p>\n\n\n\n<p>Whether inherited or not, juvenile glaucoma occurs when the aqueous humor in the eye can no longer drain properly. However, the resulting pressure only occurs once the drainage system in the eye has matured. This means that the intraocular pressure may still be normal in the first few years of a child&#8217;s life, but slowly increases over the course of childhood.<\/p>\n\n\n\n<div style=\"height:30px\" aria-hidden=\"true\" class=\"wp-block-spacer\"><\/div>\n<\/div>\n<\/div>\n\n\n\n<div class=\"wp-block-columns is-layout-flex wp-container-core-columns-is-layout-28f84493 wp-block-columns-is-layout-flex\">\n<div class=\"wp-block-column is-layout-flow wp-block-column-is-layout-flow\" style=\"flex-basis:40%\">\n<h2 class=\"wp-block-heading has-text-align-right\" id=\"how-can-i-tell-if-my-child-has-juvenile-glaucoma\">How can I tell if my child has juvenile glaucoma?<\/h2>\n<\/div>\n\n\n\n<div class=\"wp-block-column is-layout-flow wp-block-column-is-layout-flow\" style=\"flex-basis:60%\">\n<p>Juvenile glaucoma is often discovered by chance during a routine examination, as it does not initially cause any problems. However, this changes as the disease progresses. The vision of those affected is considerably reduced and the field of vision narrows. Things in the center of the field of vision can still be seen clearly, but everything in the periphery, i.e. outside, remains hidden. As a result, spatial perception is so limited that climbing stairs or participating in road traffic becomes dangerous.<\/p>\n\n\n\n<div style=\"height:30px\" aria-hidden=\"true\" class=\"wp-block-spacer\"><\/div>\n<\/div>\n<\/div>\n\n\n\n<div class=\"wp-block-columns is-layout-flex wp-container-core-columns-is-layout-28f84493 wp-block-columns-is-layout-flex\">\n<div class=\"wp-block-column is-layout-flow wp-block-column-is-layout-flow\" style=\"flex-basis:40%\">\n<h2 class=\"wp-block-heading has-text-align-right\" id=\"how-is-juvenile-glaucoma-diagnosed\">How is juvenile glaucoma diagnosed?<\/h2>\n<\/div>\n\n\n\n<div class=\"wp-block-column is-layout-flow wp-block-column-is-layout-flow\" style=\"flex-basis:60%\">\n<p>If a child starts to experience eye problems, it is important to see a doctor immediately. This is the only way to prevent the intraocular pressure from slowly increasing and eventually damaging the optic nerve. Early diagnosis can prevent blindness.<\/p>\n\n\n\n<p>The most important diagnostic steps are the measurement of the corneal diameter (vertical and horizontal) and pachymetry, i.e. the measurement of the corneal thickness.<\/p>\n\n\n\n<p>Tonometry is a measurement of intraocular pressure, which can, however, be incorrect, especially in young children. This applies to both awake and anaesthetized children. However, there are other tonometric procedures such as rebound tonometry or applanation tonometry, which can also be used for diagnosis.<\/p>\n\n\n\n<p>During an ophthalmoscopy, doctors examine the eyes with an ophthalmoscope. This is a special microscope with a light source that greatly magnifies the eye. This allows ophthalmologists to clearly see the structures and changes in the eye.<\/p>\n\n\n\n<p>During an ultrasound examination (sonography), doctors measure the length of the eyeballs. Gonioscopy can be used to examine the chamber angle. In older children, a visual field measurement (perimetry) can also be carried out. A restricted field of vision can be detected in children from the age of six. In addition to all these examinations, doctors also carry out an eye test, which may provide evidence of short-sightedness.<\/p>\n\n\n\n<div style=\"height:30px\" aria-hidden=\"true\" class=\"wp-block-spacer\"><\/div>\n<\/div>\n<\/div>\n\n\n\n<div class=\"wp-block-columns is-layout-flex wp-container-core-columns-is-layout-28f84493 wp-block-columns-is-layout-flex\">\n<div class=\"wp-block-column is-layout-flow wp-block-column-is-layout-flow\" style=\"flex-basis:40%\">\n<h2 class=\"wp-block-heading has-text-align-right\" id=\"progression-of-juvenile-glaucoma\">Progression of juvenile glaucoma<\/h2>\n<\/div>\n\n\n\n<div class=\"wp-block-column is-layout-flow wp-block-column-is-layout-flow\" style=\"flex-basis:60%\">\n<p>Both the course and the prognosis vary from person to person. They depend crucially on when the disease was diagnosed and how quickly it was treated. As with almost all diseases, the same applies here: The earlier it starts, the more favorable the course.<\/p>\n\n\n\n<p>If the optic nerve has not yet been damaged, blindness can be prevented. If juvenile glaucoma is treated successfully, eye pressure and visual field remain stable in adulthood.<\/p>\n\n\n\n<div style=\"height:30px\" aria-hidden=\"true\" class=\"wp-block-spacer\"><\/div>\n<\/div>\n<\/div>\n\n\n\n<div class=\"wp-block-columns is-layout-flex wp-container-core-columns-is-layout-28f84493 wp-block-columns-is-layout-flex\">\n<div class=\"wp-block-column is-layout-flow wp-block-column-is-layout-flow\" style=\"flex-basis:40%\">\n<h2 class=\"wp-block-heading has-text-align-right\" id=\"how-can-savir-therapy-help-with-juvenile-glaucoma\">How can SAVIR therapy help with juvenile glaucoma?<\/h2>\n<\/div>\n\n\n\n<div class=\"wp-block-column is-layout-flow wp-block-column-is-layout-flow\" style=\"flex-basis:60%\">\n<p>If the optic nerve is already damaged, patients&#8217; visual performance can be improved with the help of SAVIR therapy. This has been confirmed by a clinical study. Small microcurrent impulses reactivate paralyzed nerve cells and improve blood flow so that it can better process the remaining visual stimuli. This alternating current treatment can significantly improve the vision of patients suffering from glaucoma.<\/p>\n\n\n\n<p>In the study, 82 patients whose visual performance was impaired due to damage to the optic nerve were treated for ten days with either alternating current (SAVIR therapy) or a placebo therapy without current. For the alternating current treatment, electrodes were positioned above and next to the eyes and the patients were administered very light current pulses via the electrodes for 40 minutes each day.<\/p>\n\n\n\n<p>After just ten days of alternating current therapy, the visual performance of two thirds of the study participants improved significantly, as the neuron network in the eyes and brains of the visually impaired people was reconnected. The blood flow to the brain also improved. For example, the visual cortex in the back of the head was once again able to exchange signals with the frontal cortex in the forehead. As a result, the patients were able to see better again.<\/p>\n\n\n\n<div style=\"height:30px\" aria-hidden=\"true\" class=\"wp-block-spacer\"><\/div>\n<\/div>\n<\/div>\n\n\n\n<div class=\"wp-block-columns is-layout-flex wp-container-core-columns-is-layout-28f84493 wp-block-columns-is-layout-flex\">\n<div class=\"wp-block-column is-layout-flow wp-block-column-is-layout-flow\" style=\"flex-basis:40%\">\n<h2 class=\"wp-block-heading has-text-align-right\" id=\"risks-and-side-effects-of-savir-therapy-for-juvenile-glaucoma\">Risks and side effects of SAVIR therapy for juvenile glaucoma<\/h2>\n<\/div>\n\n\n\n<div class=\"wp-block-column is-layout-flow wp-block-column-is-layout-flow\" style=\"flex-basis:60%\">\n<p>The risks and side effects of SAVIR therapy are not yet known. The current pulses used are so weak that they can hardly be felt on the skin. Patients may notice brief flashes of light when their eyes are closed during treatment.<\/p>\n\n\n\n<p>Incidentally, the current pulses are significantly lower than those of a pacemaker. There are no known undesirable side effects. But the chances of recovery are good.<\/p>\n\n\n\n<div style=\"height:30px\" aria-hidden=\"true\" class=\"wp-block-spacer\"><\/div>\n<\/div>\n<\/div>\n<\/div>\n\n\n\n<div class=\"wp-block-group alignment-full has-global-padding is-layout-constrained wp-block-group-is-layout-constrained\">\n<p class=\"has-text-align-center block-patients-say wp-embed-aspect-16-9 wp-has-aspect-ratio has-link-color wp-elements-8852a0844d7d5c88283097c4e6de6374\" id=\"-was-patienten-sagen-\" style=\"margin-top:var(--wp--preset--spacing--60);margin-right:var(--wp--preset--spacing--40);margin-bottom:var(--wp--preset--spacing--60);margin-left:var(--wp--preset--spacing--40);font-size:45px\"><a href=\"https:\/\/savir-center.com\/testimonials\/\" target=\"_blank\" rel=\"noopener\"><\/a><a href=\"https:\/\/savir-center.com\/testimonials\/\" target=\"_blank\" rel=\"noreferrer noopener\">What our patients say<\/a><\/p>\n\n\n\n<div class=\"wp-block-columns block-patients-say wp-embed-aspect-16-9 wp-has-aspect-ratio is-layout-flex wp-container-core-columns-is-layout-28f84493 wp-block-columns-is-layout-flex\">\n<div class=\"wp-block-column is-layout-flow wp-block-column-is-layout-flow\" style=\"flex-basis:33.33%\">\n<figure class=\"wp-block-embed is-type-video is-provider-youtube wp-block-embed-youtube wp-embed-aspect-16-9 wp-has-aspect-ratio\"><div class=\"wp-block-embed__wrapper\">\n <div class=\"brlbs-cmpnt-container brlbs-cmpnt-content-blocker brlbs-cmpnt-with-individual-styles\" data-borlabs-cookie-content-blocker-id=\"youtube-content-blocker\" data-borlabs-cookie-content=\"PGlmcmFtZSB0aXRsZT0iSGVpbHVuZyBlaW5lcyBnZXNjaMOkZGlndGVuIFNlaG5lcnZzIHwgTWFrdWxhw7ZkZW0gYmVoYW5kZWxuIHwgT3B0aWt1c25lcnYtU3RpbXVsYXRpb24iIHdpZHRoPSI1MDAiIGhlaWdodD0iMjgxIiBzcmM9Imh0dHBzOi8vd3d3LnlvdXR1YmUtbm9jb29raWUuY29tL2VtYmVkL3pINWRIY0tOUEgwP2ZlYXR1cmU9b2VtYmVkIiBmcmFtZWJvcmRlcj0iMCIgYWxsb3c9ImFjY2VsZXJvbWV0ZXI7IGF1dG9wbGF5OyBjbGlwYm9hcmQtd3JpdGU7IGVuY3J5cHRlZC1tZWRpYTsgZ3lyb3Njb3BlOyBwaWN0dXJlLWluLXBpY3R1cmU7IHdlYi1zaGFyZSIgcmVmZXJyZXJwb2xpY3k9InN0cmljdC1vcmlnaW4td2hlbi1jcm9zcy1vcmlnaW4iIGFsbG93ZnVsbHNjcmVlbj48L2lmcmFtZT4=\"><div class=\"brlbs-cmpnt-cb-preset-c brlbs-cmpnt-cb-youtube\"> <div class=\"brlbs-cmpnt-cb-thumbnail\" style=\"background-image: url('https:\/\/savir-center.com\/wp-content\/uploads\/borlabs-cookie\/1\/yt_zH5dHcKNPH0_hqdefault.jpg')\"><\/div> <div class=\"brlbs-cmpnt-cb-main\"> <div class=\"brlbs-cmpnt-cb-play-button\"><\/div> <div class=\"brlbs-cmpnt-cb-content\"> <p class=\"brlbs-cmpnt-cb-description\">You are currently viewing a placeholder content from <strong>YouTube<\/strong>. To access the actual content, click the button below. Please note that doing so will share data with third-party providers.<\/p> <a class=\"brlbs-cmpnt-cb-provider-toggle\" href=\"#\" data-borlabs-cookie-show-provider-information role=\"button\">More Information<\/a> <\/div> <div class=\"brlbs-cmpnt-cb-buttons\"> <a class=\"brlbs-cmpnt-cb-btn\" href=\"#\" data-borlabs-cookie-unblock role=\"button\">Unblock content<\/a> <a class=\"brlbs-cmpnt-cb-btn\" href=\"#\" data-borlabs-cookie-accept-service role=\"button\" style=\"display: inherit\">Accept required service and unblock content<\/a> <\/div> <\/div> <\/div><\/div>\n<\/div><\/figure>\n<\/div>\n\n\n\n<div class=\"wp-block-column is-vertically-aligned-top is-layout-flow wp-block-column-is-layout-flow\" style=\"flex-basis:66.66%\">\n<p id=\"unsere-patienten-kommen-aus-ganz-deutschland-und-vielen-l\u00e4ndern-weltweit-zu-uns-nach-magdeburg--z-b-aus-\u00f6sterreich-italien-frankreich-polen-schweiz-malta-t\u00fcrkei-usa-kanada-dubaivereinigte-arabische-emirate-russland-ukraine-vietnam-china-neuseeland-australien\" style=\"margin-top:var(--wp--preset--spacing--30);margin-right:var(--wp--preset--spacing--30);margin-bottom:var(--wp--preset--spacing--30);margin-left:var(--wp--preset--spacing--30)\">Our patients come to us in Magdeburg from all over Germany and many countries worldwide: e.g. from Austria, Italy, France, Poland, Switzerland Malta, Turkey, USA, Canada, Dubai\/United Arab Emirates, Russia, Ukraine, Vietnam, China, New Zealand, Australia.<\/p>\n<\/div>\n<\/div>\n\n\n\n<div class=\"wp-block-columns is-layout-flex wp-container-core-columns-is-layout-28f84493 wp-block-columns-is-layout-flex\">\n<div class=\"wp-block-column is-layout-flow wp-block-column-is-layout-flow\" style=\"flex-basis:25%\"><\/div>\n\n\n\n<div class=\"wp-block-column is-layout-flow wp-block-column-is-layout-flow\" style=\"flex-basis:50%\">\n<div class=\"wp-block-group is-vertical is-content-justification-center is-layout-flex wp-container-core-group-is-layout-2f773bf9 wp-block-group-is-layout-flex\" style=\"padding-top:var(--wp--preset--spacing--20);padding-right:var(--wp--preset--spacing--20);padding-bottom:var(--wp--preset--spacing--20);padding-left:var(--wp--preset--spacing--20)\">\n<figure class=\"wp-block-image size-full\"><img decoding=\"async\" src=\"https:\/\/savir-center.com\/wp-content\/uploads\/savir_unterzeile_positiv-0-130-145-1.svg\" alt=\"Logo Sabel Vision Restauration Center\" class=\"wp-image-1296\"\/><\/figure>\n\n\n\n<div class=\"wp-block-buttons is-content-justification-center is-layout-flex wp-container-core-buttons-is-layout-a89b3969 wp-block-buttons-is-layout-flex\">\n<div class=\"wp-block-button btn-scale\"><a class=\"wp-block-button__link has-white-color has-text-color has-background wp-element-button\" href=\"https:\/\/savir-center.com\/en\/contact\/\" style=\"border-radius:5px;background-color:#dc5049\">Free Consultation<\/a><\/div>\n<\/div>\n<\/div>\n<\/div>\n\n\n\n<div class=\"wp-block-column is-layout-flow wp-block-column-is-layout-flow\" style=\"flex-basis:25%\"><\/div>\n<\/div>\n\n\n\n<div style=\"height:10px\" aria-hidden=\"true\" class=\"wp-block-spacer wp-embed-aspect-16-9 wp-has-aspect-ratio\"><\/div>\n\n\n\n<div class=\"wp-block-group alignment-full has-white-color has-text-color has-background has-global-padding is-content-justification-center is-layout-constrained wp-container-core-group-is-layout-ddcf2457 wp-block-group-is-layout-constrained\" style=\"background-color:#008291;padding-top:0;padding-right:0;padding-bottom:0;padding-left:0\">\n<div class=\"wp-block-columns alignment-full-font is-layout-flex wp-container-core-columns-is-layout-d7d455e7 wp-block-columns-is-layout-flex\" style=\"padding-top:0;padding-right:0;padding-bottom:0;padding-left:0\">\n<div class=\"wp-block-column is-layout-flow wp-block-column-is-layout-flow\">\n<p class=\"has-text-align-center has-medium-font-size\">Worldwide Unique, Holistic Therapy for Optic Nerve Damage<\/p>\n<\/div>\n\n\n\n<div class=\"wp-block-column is-layout-flow wp-block-column-is-layout-flow\">\n<div class=\"wp-block-group is-vertical is-content-justification-center is-nowrap is-layout-flex wp-container-core-group-is-layout-d7b04dc7 wp-block-group-is-layout-flex\">\n<p class=\"has-text-align-center count-30 has-text-color\" style=\"color:#db4139;font-size:69px\">0<\/p>\n\n\n\n<p class=\"has-text-align-center has-medium-font-size\">Years of Research Leadership<\/p>\n<\/div>\n<\/div>\n\n\n\n<div class=\"wp-block-column is-layout-flow wp-block-column-is-layout-flow\">\n<p class=\"has-text-align-center has-medium-font-size\">Years of Experience and Success in Treating Patients<\/p>\n<\/div>\n<\/div>\n<\/div>\n\n\n\n<div style=\"height:30px\" aria-hidden=\"true\" class=\"wp-block-spacer wp-embed-aspect-16-9 wp-has-aspect-ratio\"><\/div>\n\n\n\n<div class=\"wp-block-group has-global-padding is-layout-constrained wp-block-group-is-layout-constrained\">\n<h2 class=\"wp-block-heading has-text-align-center\" id=\"ist-die-savir-therapie-f\u00fcr-mich-geeignet\" style=\"margin-top:var(--wp--preset--spacing--50);margin-right:var(--wp--preset--spacing--50);margin-bottom:var(--wp--preset--spacing--50);margin-left:var(--wp--preset--spacing--50);font-size:32px;font-style:normal;font-weight:500\">Am I a Candidate?<\/h2>\n\n\n\n<div class=\"wp-block-columns is-layout-flex wp-container-core-columns-is-layout-28f84493 wp-block-columns-is-layout-flex\">\n<div class=\"wp-block-column is-layout-flow wp-block-column-is-layout-flow\" style=\"flex-basis:20%\"><\/div>\n\n\n\n<div class=\"wp-block-column is-layout-flow wp-block-column-is-layout-flow\" style=\"flex-basis:60%\">\n<div class=\"wp-block-buttons has-custom-font-size btn-read-more invert has-medium-font-size is-content-justification-center is-nowrap is-layout-flex wp-container-core-buttons-is-layout-f28c712a wp-block-buttons-is-layout-flex\">\n<div class=\"wp-block-button has-custom-width wp-block-button__width-100 has-custom-font-size is-style-fill\" style=\"font-size:24px\"><a class=\"wp-block-button__link has-white-color has-text-color has-background has-text-align-center wp-element-button\" href=\"https:\/\/savir-center.com\/en\/test-is-the-treatment-suitable-for-me\/\" style=\"border-radius:15px;background-color:#008291;padding-top:var(--wp--preset--spacing--50);padding-right:var(--wp--preset--spacing--50);padding-bottom:var(--wp--preset--spacing--50);padding-left:var(--wp--preset--spacing--50)\">Perform the test now<\/a><\/div>\n<\/div>\n<\/div>\n\n\n\n<div class=\"wp-block-column is-layout-flow wp-block-column-is-layout-flow\" style=\"flex-basis:20%\"><\/div>\n<\/div>\n<\/div>\n\n\n\n<div style=\"height:50px\" aria-hidden=\"true\" class=\"wp-block-spacer wp-embed-aspect-16-9 wp-has-aspect-ratio\"><\/div>\n<\/div>\n","protected":false},"excerpt":{"rendered":"<p>Prof. Dr. Bernhard Sabel \u201eThe optimization of residual vision is a holistic complement to ophthalmological care such as eye drops or surgeries. We continue where ophthalmology stops. We combine conventional medical science with new findings from modern brain research and traditional medicine methods.\u201c What is juvenile glaucoma? Glaucoma is actually considered a disease of the [&hellip;]<\/p>\n","protected":false},"author":18,"featured_media":0,"parent":0,"menu_order":0,"comment_status":"closed","ping_status":"closed","template":"","meta":{"_acf_changed":false,"inline_featured_image":false,"footnotes":""},"class_list":["post-8118","page","type-page","status-publish","hentry"],"acf":[],"_links":{"self":[{"href":"https:\/\/savir-center.com\/en\/wp-json\/wp\/v2\/pages\/8118","targetHints":{"allow":["GET"]}}],"collection":[{"href":"https:\/\/savir-center.com\/en\/wp-json\/wp\/v2\/pages"}],"about":[{"href":"https:\/\/savir-center.com\/en\/wp-json\/wp\/v2\/types\/page"}],"author":[{"embeddable":true,"href":"https:\/\/savir-center.com\/en\/wp-json\/wp\/v2\/users\/18"}],"replies":[{"embeddable":true,"href":"https:\/\/savir-center.com\/en\/wp-json\/wp\/v2\/comments?post=8118"}],"version-history":[{"count":0,"href":"https:\/\/savir-center.com\/en\/wp-json\/wp\/v2\/pages\/8118\/revisions"}],"wp:attachment":[{"href":"https:\/\/savir-center.com\/en\/wp-json\/wp\/v2\/media?parent=8118"}],"curies":[{"name":"wp","href":"https:\/\/api.w.org\/{rel}","templated":true}]}}