{"id":8811,"date":"2024-12-03T08:32:41","date_gmt":"2024-12-03T07:32:41","guid":{"rendered":"https:\/\/savir-center.com\/?page_id=8811"},"modified":"2024-12-03T08:39:20","modified_gmt":"2024-12-03T07:39:20","slug":"optic-atrophy","status":"publish","type":"page","link":"https:\/\/savir-center.com\/en\/optic-atrophy\/","title":{"rendered":"Optic atrophy"},"content":{"rendered":"\n<div class=\"wp-block-cover alignment-full\" style=\"min-height:400px;aspect-ratio:unset;\"><span aria-hidden=\"true\" class=\"wp-block-cover__background has-background-dim-0 has-background-dim\" style=\"background-color:#5b4117\"><\/span><img decoding=\"async\" width=\"1400\" height=\"600\" class=\"wp-block-cover__image-background wp-image-8818\" alt=\"Optikusatrophie\" src=\"https:\/\/savir-center.com\/wp-content\/uploads\/optikusatrophie-1.webp\" data-object-fit=\"cover\" srcset=\"https:\/\/savir-center.com\/wp-content\/uploads\/optikusatrophie-1.webp 1400w, https:\/\/savir-center.com\/wp-content\/uploads\/optikusatrophie-1-300x129.webp 300w, https:\/\/savir-center.com\/wp-content\/uploads\/optikusatrophie-1-1024x439.webp 1024w, https:\/\/savir-center.com\/wp-content\/uploads\/optikusatrophie-1-768x329.webp 768w\" sizes=\"(max-width: 1400px) 100vw, 1400px\" \/><div class=\"wp-block-cover__inner-container is-layout-flow wp-block-cover-is-layout-flow\">\n<p class=\"has-text-align-center text-shadow-white has-white-color has-text-color has-link-color has-x-large-font-size wp-elements-c51b0708ec2347166fc0487f6a379bb5\" id=\"--amblyopia--\" style=\"line-height:1\"><strong><strong>Optic atrophy<\/strong><\/strong><\/p>\n\n\n\n<p class=\"has-text-align-center text-shadow-white has-white-color has-text-color has-link-color has-medium-font-size wp-elements-2e6f3b9e19797d493803f32674bbc8de\" id=\"--all-info-about-amblyopia--\" style=\"line-height:1\"><strong><strong>All info about optic atrophy<\/strong><\/strong><\/p>\n<\/div><\/div>\n\n\n\n<div class=\"wp-block-rank-math-toc-block\" id=\"rank-math-toc\"><p>Table of Contents<\/p><nav><ul><li><a href=\"#the-causes-of-optic-atrophy\">The causes of optic atrophy<\/a><\/li><li><a href=\"#symptoms-of-optic-atrophy\">Symptoms of optic atrophy<\/a><\/li><li><a href=\"#diagnosis-and-treatment-of-optic-atrophy\">Diagnosis and treatment of optic atrophy<\/a><\/li><li><a href=\"#how-can-savir-therapy-help-with-optic-atrophy\">How can SAVIR therapy help with optic atrophy?<\/a><\/li><li><a href=\"#risks-and-side-effects-of-savir-therapy-for-optic-atrophy\">Risks and side effects of SAVIR Therapy for optic atrophy<\/a><\/li><li><a href=\"#am-i-a-candidate\">Am I a Candidate?<\/a><\/li><\/ul><\/nav><\/div>\n\n\n\n<div class=\"wp-block-group has-global-padding is-layout-constrained wp-block-group-is-layout-constrained\">\n<div style=\"height:30px\" aria-hidden=\"true\" class=\"wp-block-spacer\"><\/div>\n\n\n\n<h1 class=\"wp-block-heading has-text-align-center\" id=\"what-is-optic-atrophy\">What is Optic Atrophy?<\/h1>\n\n\n\n<p id=\"the-term-\u201camblyopia\u201d-is-derived-from-the-greek-word-meaning-\u201cdull-eye\u201d-it-signifies-reduced-visual-acuity-of-one-eye-without-a-measurable-organic-or-neuronal-cause-as-many-as-5-of-all-children-in-germany-suffer-from-this-form-of-visual-impairment\">Optic atrophy refers to a degenerative disease of the optic nerve, where the optic nerve and its surrounding nerve fibers wither (atrophy). Optic atrophy is the result of various underlying conditions and is often a symptom of a primary neurological disease. It can occur in one or both optic nerves and is considered irreversible.<\/p>\n\n\n\n<p id=\"here-is-the-problem-in-healthy-children-the-images-of-the-outside-world-that-both-eyes-see-are-translated-into-nerve-impulses-that-are-sent-to-the-brain-where-they-are-processed-evenly-and-simultaneously-allowing-for-3d-\u201cstereovision\u201d-however-this-3d-vision-works-only-if-the-brain-receives-high-quality-images-from-both-eyes-in-children-with-amblyopia-the-images-from-the-two-eyes-do-not-match-because-one-eye-is-weaker-the-\u201clazy\u201d-eye-due-to-a-clouding-of-the-lens-creating-blurry-imges-a-focusing-power-that-is-much-different-from-that-of-the-other-eye-unsharp-images-or-because-of-the-child\u2019s-crossed-eye-producing-double-images-the-mismatch-can-be-spatial-when-one-eye-is-shifted-to-the-side-as-in-crossed-eyes-it-can-be-mismatched-in-brightness-or-sharpness-as-in-congenital-cataract-or-it-can-be-mismatched-in-temporal-processing-when-information-from-one-eye-arrives-to-the-brain-after-information-from-the-other-eye-arrives\">In simple optic atrophy, the damage is sharply demarcated and usually not caused by inflammation. In secondary, inflammatory forms of optic atrophy, nerve fibers wither only in sections.<\/p>\n\n\n\n<p id=\"because-this-mismatch-is-too-difficult-for-the-brain-to-handle-the-brain-ignores-the-information-it-receives-from-the-lazy-eye-and-only-processes-visual-signals-from-the-\u201cstronger\u201d-eye-the-visual-pathway-from-the-neglected-eye-then-becomes-less-active-and-fails-to-properly-develop-while-the-connection-to-the-brain-is-there-the-synapses-do-not-get-activated-as-if-they-were-\u201cswitched-off\u201d-by-the-brain\">The underlying disease causing the optic atrophy determines the direction in which the optic nerve deteriorates. For example, in retinal diseases, it atrophies upward, while in brain disorders, it deteriorates downward. The resulting damage progresses much faster in young individuals than in older ones. Optic atrophy can lead to blindness.<\/p>\n\n\n\n<div style=\"height:30px\" aria-hidden=\"true\" class=\"wp-block-spacer\"><\/div>\n\n\n\n<div class=\"wp-block-columns is-layout-flex wp-container-core-columns-is-layout-28f84493 wp-block-columns-is-layout-flex\">\n<div class=\"wp-block-column is-layout-flow wp-block-column-is-layout-flow\" style=\"flex-basis:25%\">\n<figure class=\"wp-block-image is-resized size-150x150\"><img decoding=\"async\" src=\"https:\/\/savir-center.com\/wp-content\/uploads\/elementor\/thumbs\/Prof-Bernhard-Sabel-pjygsv24v2wx7hiae5x3qplk2lv6urf4wz9gm53azg.webp\" alt=\"Prof. Bernhard Sabel\" style=\"object-fit:cover;width:150px;height:150px\" title=\"Prof-Bernhard-Sabel\"\/><\/figure>\n<\/div>\n\n\n\n<div class=\"wp-block-column is-layout-flow wp-block-column-is-layout-flow\" style=\"flex-basis:75%\">\n<p class=\"has-black-color has-text-color has-link-color wp-elements-0b80098a171467154264aa5a3687b660\" id=\"--prof-dr-bernhard-sabel--\" style=\"font-size:28px\"><em><a href=\"https:\/\/en.wikipedia.org\/wiki\/Bernhard_Sabel\" target=\"_blank\" data-type=\"link\" data-id=\"https:\/\/en.wikipedia.org\/wiki\/Bernhard_Sabel\" rel=\"noreferrer noopener\">Prof. Dr. Bernhard Sabel<\/a><\/em><\/p>\n\n\n\n<p class=\"has-small-font-size\" id=\"-\u201cthe-optimization-of-residual-vision-is-a-holistic-complement-to-ophthalmological-care-such-as-eye-drops-or-surgeries-we-continue-where-ophthalmology-stops-we-combine-conventional-medical-science-with-new-findings-from-modern-brain-research-and-traditional-medicine-methods\u201d-\"><em>\u201cThe optimization of residual vision is a holistic complement to ophthalmological care such as eye drops or surgeries. We continue where ophthalmology stops. We combine conventional medical science with new findings from modern brain research and traditional medicine methods.\u201d<\/em><\/p>\n<\/div>\n<\/div>\n\n\n\n<div style=\"height:30px\" aria-hidden=\"true\" class=\"wp-block-spacer\"><\/div>\n<\/div>\n\n\n\n<div class=\"wp-block-columns is-layout-flex wp-container-core-columns-is-layout-14cf5ab5 wp-block-columns-is-layout-flex\">\n<div class=\"wp-block-column is-vertically-aligned-top is-layout-flow wp-block-column-is-layout-flow\" style=\"flex-basis:40%\">\n<h2 class=\"wp-block-heading has-text-align-right\" id=\"the-causes-of-optic-atrophy\">The causes of optic atrophy<\/h2>\n<\/div>\n\n\n\n<div class=\"wp-block-column is-layout-flow wp-block-column-is-layout-flow\" style=\"flex-basis:60%\">\n<p>Any injuries, damage, or diseases affecting the optic nerve can trigger optic atrophy if untreated or untreatable. These include traumatic injuries, increased intracranial pressure, glaucoma, reduced blood flow\u2014which can occur suddenly (e.g., under high stress)\u2014or nerve compression (ischemia). Tumors near the eyes can also cause the condition, as can poisoning by alcohol, tobacco, quinine, arsenic, bromine, or lead. Additionally, there are some syndromes in which optic atrophy is a primary feature, including very rare hereditary diseases.<\/p>\n<\/div>\n<\/div>\n\n\n\n<div style=\"height:30px\" aria-hidden=\"true\" class=\"wp-block-spacer\"><\/div>\n\n\n\n<div class=\"wp-block-columns is-layout-flex wp-container-core-columns-is-layout-14cf5ab5 wp-block-columns-is-layout-flex\">\n<div class=\"wp-block-column is-vertically-aligned-top is-layout-flow wp-block-column-is-layout-flow\" style=\"flex-basis:40%\">\n<h2 class=\"wp-block-heading has-text-align-right\" id=\"symptoms-of-optic-atrophy\">Symptoms of optic atrophy<\/h2>\n<\/div>\n\n\n\n<div class=\"wp-block-column is-layout-flow wp-block-column-is-layout-flow\" style=\"flex-basis:60%\">\n<p>Early signs of the disease can include impaired color perception or slow adaptation of the eyes to changing light conditions. Clearer symptoms include visual field loss, loss of central visual acuity (e.g., seeing a haze), and even complete loss of vision.<\/p>\n<\/div>\n<\/div>\n\n\n\n<div style=\"height:30px\" aria-hidden=\"true\" class=\"wp-block-spacer\"><\/div>\n\n\n\n<div class=\"wp-block-columns is-layout-flex wp-container-core-columns-is-layout-14cf5ab5 wp-block-columns-is-layout-flex\">\n<div class=\"wp-block-column is-vertically-aligned-top is-layout-flow wp-block-column-is-layout-flow\" style=\"flex-basis:40%\">\n<h2 class=\"wp-block-heading has-text-align-right\" id=\"diagnosis-and-treatment-of-optic-atrophy\">Diagnosis and treatment of optic atrophy<\/h2>\n<\/div>\n\n\n\n<div class=\"wp-block-column is-layout-flow wp-block-column-is-layout-flow\" style=\"flex-basis:60%\">\n<p>Examinations of the retina using an ophthalmoscope and imaging techniques can confirm the suspicion of the disease. Treatment depends on the underlying condition. If the primary disease is treated early, the progression of optic atrophy can be slowed or stopped.<\/p>\n<\/div>\n<\/div>\n\n\n\n<div style=\"height:30px\" aria-hidden=\"true\" class=\"wp-block-spacer\"><\/div>\n\n\n\n<div class=\"wp-block-columns is-layout-flex wp-container-core-columns-is-layout-14cf5ab5 wp-block-columns-is-layout-flex\">\n<div class=\"wp-block-column is-vertically-aligned-top is-layout-flow wp-block-column-is-layout-flow\" style=\"flex-basis:40%\">\n<h2 class=\"wp-block-heading has-text-align-right\" id=\"how-can-savir-therapy-help-with-optic-atrophy\">How can SAVIR therapy help with optic atrophy?<\/h2>\n<\/div>\n\n\n\n<div class=\"wp-block-column is-layout-flow wp-block-column-is-layout-flow\" style=\"flex-basis:60%\">\n<p>In conventional medicine, damage to the optic nerve is considered irreversible, meaning it cannot be undone. However, even when the optic nerve is damaged, patients&#8217; vision can be improved using the SAVIR therapy. A clinical study has confirmed this. Small microcurrent impulses activate the retina and brain, enabling better processing of the remaining optical stimuli.<\/p>\n\n\n\n<p>This works as follows: in addition to already dead nerve cells, small microcurrent impulses from the SAVIR therapy can reactivate still-living but inactive nerve cells in the retina, optic nerve, or brain. These active nerve cells can survive for a long time (&#8220;dormant&#8221;) because they receive enough oxygen (energy) to survive but not enough to process optical signals. When these silent nerve cells are reactivated by the SAVIR therapy, optical stimuli can be processed better again. As a result, alternating current therapy can significantly improve vision, allowing patients to see better.<\/p>\n\n\n\n<p>This alternating current therapy is particularly effective for patients suffering from glaucoma. <a href=\"https:\/\/savir-center.com\/en\/glaucoma-treatment\/\" data-type=\"page\" data-id=\"4648\">Read more here<\/a>.<\/p>\n\n\n\n<p>In a study, 82 patients whose vision was impaired due to optic nerve damage were treated for ten days either with alternating current (SAVIR therapy) or with a currentless placebo therapy. For the alternating current treatment, electrodes were applied near the eyes, and patients received very light electrical impulses through the electrodes for 40 minutes daily.<\/p>\n\n\n\n<p>After just ten days of alternating current therapy, two-thirds of the study participants experienced a significant improvement in vision, as the neural network in the brains of the visually impaired reconnected. Additionally, cerebral blood flow improved. For example, the visual cortex in the occipital region could once again exchange signals with the frontal cortex in the forehead area. While the &#8220;primary damage&#8221; to the optic nerve (dead cells) could not be repaired, the &#8220;secondary damage&#8221; (&#8220;dormant&#8221; cells) could be addressed.<\/p>\n<\/div>\n<\/div>\n\n\n\n<div style=\"height:50px\" aria-hidden=\"true\" class=\"wp-block-spacer\"><\/div>\n\n\n\n<div class=\"wp-block-columns is-layout-flex wp-container-core-columns-is-layout-14cf5ab5 wp-block-columns-is-layout-flex\">\n<div class=\"wp-block-column is-vertically-aligned-top is-layout-flow wp-block-column-is-layout-flow\" style=\"flex-basis:40%\">\n<h2 class=\"wp-block-heading has-text-align-right\" id=\"risks-and-side-effects-of-savir-therapy-for-optic-atrophy\">Risks and side effects of SAVIR Therapy for optic atrophy<\/h2>\n<\/div>\n\n\n\n<div class=\"wp-block-column is-layout-flow wp-block-column-is-layout-flow\" style=\"flex-basis:60%\">\n<p>No risks or side effects of SAVIR therapy have been observed in the thousands of patients treated to date. The electrical impulses are so weak that they are barely noticeable on the skin. Patients may experience brief light flashes with their eyes closed during treatment, which are to be expected.<\/p>\n\n\n\n<p>The electrical impulses are also significantly weaker than those of a pacemaker.<\/p>\n<\/div>\n<\/div>\n\n\n\n<div class=\"wp-block-group alignment-full has-global-padding is-layout-constrained wp-block-group-is-layout-constrained\">\n<p class=\"has-text-align-center block-patients-say wp-embed-aspect-16-9 wp-has-aspect-ratio has-link-color wp-elements-8852a0844d7d5c88283097c4e6de6374\" id=\"-was-patienten-sagen-\" style=\"margin-top:var(--wp--preset--spacing--60);margin-right:var(--wp--preset--spacing--40);margin-bottom:var(--wp--preset--spacing--60);margin-left:var(--wp--preset--spacing--40);font-size:45px\"><a href=\"https:\/\/savir-center.com\/testimonials\/\" target=\"_blank\" rel=\"noopener\"><\/a><a href=\"https:\/\/savir-center.com\/testimonials\/\" target=\"_blank\" rel=\"noreferrer noopener\">What our patients say<\/a><\/p>\n\n\n\n<div class=\"wp-block-columns block-patients-say wp-embed-aspect-16-9 wp-has-aspect-ratio is-layout-flex wp-container-core-columns-is-layout-28f84493 wp-block-columns-is-layout-flex\">\n<div class=\"wp-block-column is-layout-flow wp-block-column-is-layout-flow\" style=\"flex-basis:33.33%\">\n<figure class=\"wp-block-embed is-type-video is-provider-youtube wp-block-embed-youtube wp-embed-aspect-16-9 wp-has-aspect-ratio\"><div class=\"wp-block-embed__wrapper\">\n <div class=\"brlbs-cmpnt-container brlbs-cmpnt-content-blocker brlbs-cmpnt-with-individual-styles\" data-borlabs-cookie-content-blocker-id=\"youtube-content-blocker\" data-borlabs-cookie-content=\"PGlmcmFtZSB0aXRsZT0iQmVoYW5kbHVuZyBTZWhuZXJ2c2Now6RkaWd1bmc6IFNlaG5lcnYgd2llZGVyaGVyc3RlbGxlbiAoRnJhdSBCLikiIHdpZHRoPSI1MDAiIGhlaWdodD0iMjgxIiBzcmM9Imh0dHBzOi8vd3d3LnlvdXR1YmUtbm9jb29raWUuY29tL2VtYmVkL3pINWRIY0tOUEgwP2ZlYXR1cmU9b2VtYmVkIiBmcmFtZWJvcmRlcj0iMCIgYWxsb3c9ImFjY2VsZXJvbWV0ZXI7IGF1dG9wbGF5OyBjbGlwYm9hcmQtd3JpdGU7IGVuY3J5cHRlZC1tZWRpYTsgZ3lyb3Njb3BlOyBwaWN0dXJlLWluLXBpY3R1cmU7IHdlYi1zaGFyZSIgcmVmZXJyZXJwb2xpY3k9InN0cmljdC1vcmlnaW4td2hlbi1jcm9zcy1vcmlnaW4iIGFsbG93ZnVsbHNjcmVlbj48L2lmcmFtZT4=\"><div class=\"brlbs-cmpnt-cb-preset-c brlbs-cmpnt-cb-youtube\"> <div class=\"brlbs-cmpnt-cb-thumbnail\" style=\"background-image: url('https:\/\/savir-center.com\/wp-content\/uploads\/borlabs-cookie\/1\/yt_zH5dHcKNPH0_hqdefault.jpg')\"><\/div> <div class=\"brlbs-cmpnt-cb-main\"> <div class=\"brlbs-cmpnt-cb-play-button\"><\/div> <div class=\"brlbs-cmpnt-cb-content\"> <p class=\"brlbs-cmpnt-cb-description\">You are currently viewing a placeholder content from <strong>YouTube<\/strong>. To access the actual content, click the button below. Please note that doing so will share data with third-party providers.<\/p> <a class=\"brlbs-cmpnt-cb-provider-toggle\" href=\"#\" data-borlabs-cookie-show-provider-information role=\"button\">More Information<\/a> <\/div> <div class=\"brlbs-cmpnt-cb-buttons\"> <a class=\"brlbs-cmpnt-cb-btn\" href=\"#\" data-borlabs-cookie-unblock role=\"button\">Unblock content<\/a> <a class=\"brlbs-cmpnt-cb-btn\" href=\"#\" data-borlabs-cookie-accept-service role=\"button\" style=\"display: inherit\">Accept required service and unblock content<\/a> <\/div> <\/div> <\/div><\/div>\n<\/div><\/figure>\n<\/div>\n\n\n\n<div class=\"wp-block-column is-vertically-aligned-top is-layout-flow wp-block-column-is-layout-flow\" style=\"flex-basis:66.66%\">\n<p id=\"unsere-patienten-kommen-aus-ganz-deutschland-und-vielen-l\u00e4ndern-weltweit-zu-uns-nach-magdeburg--z-b-aus-\u00f6sterreich-italien-frankreich-polen-schweiz-malta-t\u00fcrkei-usa-kanada-dubaivereinigte-arabische-emirate-russland-ukraine-vietnam-china-neuseeland-australien\" style=\"margin-top:var(--wp--preset--spacing--30);margin-right:var(--wp--preset--spacing--30);margin-bottom:var(--wp--preset--spacing--30);margin-left:var(--wp--preset--spacing--30)\">Our patients come to us in Magdeburg from all over Germany and many countries worldwide: e.g. from Austria, Italy, France, Poland, Switzerland Malta, Turkey, USA, Canada, Dubai\/United Arab Emirates, Russia, Ukraine, Vietnam, China, New Zealand, Australia.<\/p>\n<\/div>\n<\/div>\n\n\n\n<div class=\"wp-block-columns is-layout-flex wp-container-core-columns-is-layout-28f84493 wp-block-columns-is-layout-flex\">\n<div class=\"wp-block-column is-layout-flow wp-block-column-is-layout-flow\" style=\"flex-basis:25%\"><\/div>\n\n\n\n<div class=\"wp-block-column is-layout-flow wp-block-column-is-layout-flow\" style=\"flex-basis:50%\">\n<div class=\"wp-block-group is-vertical is-content-justification-center is-layout-flex wp-container-core-group-is-layout-2f773bf9 wp-block-group-is-layout-flex\" style=\"padding-top:var(--wp--preset--spacing--20);padding-right:var(--wp--preset--spacing--20);padding-bottom:var(--wp--preset--spacing--20);padding-left:var(--wp--preset--spacing--20)\">\n<figure class=\"wp-block-image size-full\"><img decoding=\"async\" src=\"https:\/\/savir-center.com\/wp-content\/uploads\/savir_unterzeile_positiv-0-130-145-1.svg\" alt=\"Logo Sabel Vision Restauration Center\" class=\"wp-image-1296\"\/><\/figure>\n\n\n\n<div class=\"wp-block-buttons is-content-justification-center is-layout-flex wp-container-core-buttons-is-layout-a89b3969 wp-block-buttons-is-layout-flex\">\n<div class=\"wp-block-button btn-scale\"><a class=\"wp-block-button__link has-white-color has-text-color has-background wp-element-button\" href=\"https:\/\/savir-center.com\/en\/contact\/\" style=\"border-radius:5px;background-color:#dc5049\">Free Consultation<\/a><\/div>\n<\/div>\n<\/div>\n<\/div>\n\n\n\n<div class=\"wp-block-column is-layout-flow wp-block-column-is-layout-flow\" style=\"flex-basis:25%\"><\/div>\n<\/div>\n\n\n\n<div style=\"height:10px\" aria-hidden=\"true\" class=\"wp-block-spacer wp-embed-aspect-16-9 wp-has-aspect-ratio\"><\/div>\n\n\n\n<div class=\"wp-block-group alignment-full has-white-color has-text-color has-background has-global-padding is-content-justification-center is-layout-constrained wp-container-core-group-is-layout-ddcf2457 wp-block-group-is-layout-constrained\" style=\"background-color:#008291;padding-top:0;padding-right:0;padding-bottom:0;padding-left:0\">\n<div class=\"wp-block-columns alignment-full-font is-layout-flex wp-container-core-columns-is-layout-d7d455e7 wp-block-columns-is-layout-flex\" style=\"padding-top:0;padding-right:0;padding-bottom:0;padding-left:0\">\n<div class=\"wp-block-column is-layout-flow wp-block-column-is-layout-flow\">\n<p class=\"has-text-align-center has-medium-font-size\">Worldwide Unique, Holistic Therapy for Optic Nerve Damage<\/p>\n<\/div>\n\n\n\n<div class=\"wp-block-column is-layout-flow wp-block-column-is-layout-flow\">\n<div class=\"wp-block-group is-vertical is-content-justification-center is-nowrap is-layout-flex wp-container-core-group-is-layout-d7b04dc7 wp-block-group-is-layout-flex\">\n<p class=\"has-text-align-center count-30 has-text-color\" style=\"color:#db4139;font-size:69px\">0<\/p>\n\n\n\n<p class=\"has-text-align-center has-medium-font-size\">Years of Research Leadership<\/p>\n<\/div>\n<\/div>\n\n\n\n<div class=\"wp-block-column is-layout-flow wp-block-column-is-layout-flow\">\n<p class=\"has-text-align-center has-medium-font-size\">Years of Experience and Success in Treating Patients<\/p>\n<\/div>\n<\/div>\n<\/div>\n\n\n\n<div style=\"height:30px\" aria-hidden=\"true\" class=\"wp-block-spacer wp-embed-aspect-16-9 wp-has-aspect-ratio\"><\/div>\n\n\n\n<div class=\"wp-block-group has-global-padding is-layout-constrained wp-block-group-is-layout-constrained\">\n<h2 class=\"wp-block-heading has-text-align-center\" id=\"ist-die-savir-therapie-f\u00fcr-mich-geeignet\" style=\"margin-top:var(--wp--preset--spacing--50);margin-right:var(--wp--preset--spacing--50);margin-bottom:var(--wp--preset--spacing--50);margin-left:var(--wp--preset--spacing--50);font-size:32px;font-style:normal;font-weight:500\">Am I a Candidate?<\/h2>\n\n\n\n<div class=\"wp-block-columns is-layout-flex wp-container-core-columns-is-layout-28f84493 wp-block-columns-is-layout-flex\">\n<div class=\"wp-block-column is-layout-flow wp-block-column-is-layout-flow\" style=\"flex-basis:20%\"><\/div>\n\n\n\n<div class=\"wp-block-column is-layout-flow wp-block-column-is-layout-flow\" style=\"flex-basis:60%\">\n<div class=\"wp-block-buttons has-custom-font-size btn-read-more invert has-medium-font-size is-content-justification-center is-nowrap is-layout-flex wp-container-core-buttons-is-layout-f28c712a wp-block-buttons-is-layout-flex\">\n<div class=\"wp-block-button has-custom-width wp-block-button__width-100 has-custom-font-size is-style-fill\" style=\"font-size:24px\"><a class=\"wp-block-button__link has-white-color has-text-color has-background has-text-align-center wp-element-button\" href=\"https:\/\/savir-center.com\/en\/test-is-the-treatment-suitable-for-me\/\" style=\"border-radius:15px;background-color:#008291;padding-top:var(--wp--preset--spacing--50);padding-right:var(--wp--preset--spacing--50);padding-bottom:var(--wp--preset--spacing--50);padding-left:var(--wp--preset--spacing--50)\">Perform the test now<\/a><\/div>\n<\/div>\n<\/div>\n\n\n\n<div class=\"wp-block-column is-layout-flow wp-block-column-is-layout-flow\" style=\"flex-basis:20%\"><\/div>\n<\/div>\n<\/div>\n\n\n\n<div style=\"height:50px\" aria-hidden=\"true\" class=\"wp-block-spacer wp-embed-aspect-16-9 wp-has-aspect-ratio\"><\/div>\n<\/div>\n","protected":false},"excerpt":{"rendered":"<p>What is Optic Atrophy? Optic atrophy refers to a degenerative disease of the optic nerve, where the optic nerve and its surrounding nerve fibers wither (atrophy). Optic atrophy is the result of various underlying conditions and is often a symptom of a primary neurological disease. It can occur in one or both optic nerves and [&hellip;]<\/p>\n","protected":false},"author":18,"featured_media":0,"parent":0,"menu_order":0,"comment_status":"closed","ping_status":"closed","template":"","meta":{"_acf_changed":false,"inline_featured_image":false,"footnotes":""},"class_list":["post-8811","page","type-page","status-publish","hentry"],"acf":[],"_links":{"self":[{"href":"https:\/\/savir-center.com\/en\/wp-json\/wp\/v2\/pages\/8811","targetHints":{"allow":["GET"]}}],"collection":[{"href":"https:\/\/savir-center.com\/en\/wp-json\/wp\/v2\/pages"}],"about":[{"href":"https:\/\/savir-center.com\/en\/wp-json\/wp\/v2\/types\/page"}],"author":[{"embeddable":true,"href":"https:\/\/savir-center.com\/en\/wp-json\/wp\/v2\/users\/18"}],"replies":[{"embeddable":true,"href":"https:\/\/savir-center.com\/en\/wp-json\/wp\/v2\/comments?post=8811"}],"version-history":[{"count":0,"href":"https:\/\/savir-center.com\/en\/wp-json\/wp\/v2\/pages\/8811\/revisions"}],"wp:attachment":[{"href":"https:\/\/savir-center.com\/en\/wp-json\/wp\/v2\/media?parent=8811"}],"curies":[{"name":"wp","href":"https:\/\/api.w.org\/{rel}","templated":true}]}}